{"id":115,"date":"2018-07-23T09:06:17","date_gmt":"2018-07-23T07:06:17","guid":{"rendered":"http:\/\/wordpress.abacus-lab.de\/?page_id=115"},"modified":"2024-01-15T14:23:06","modified_gmt":"2024-01-15T13:23:06","slug":"impressum","status":"publish","type":"page","link":"https:\/\/abacus-lab.de\/de\/impressum\/","title":{"rendered":"Impressum"},"content":{"rendered":"<div class=\"fusion-fullwidth fullwidth-box fusion-builder-row-1 fusion-parallax-none nonhundred-percent-fullwidth non-hundred-percent-height-scrolling\" style=\"--awb-border-radius-top-left:0px;--awb-border-radius-top-right:0px;--awb-border-radius-bottom-right:0px;--awb-border-radius-bottom-left:0px;--awb-background-image:url(&quot;https:\/\/abacus-lab.com\/wp-content\/uploads\/2018\/07\/BG_15-300x220.jpg&quot;);--awb-background-size:cover;\" ><div class=\"fusion-builder-row fusion-row\"><div class=\"fusion-layout-column fusion_builder_column fusion-builder-column-0 fusion_builder_column_1_1 1_1 fusion-one-full fusion-column-first fusion-column-last\" style=\"--awb-padding-top:30px;--awb-bg-size:cover;--awb-margin-top:50px;--awb-margin-bottom:0px;\"><div class=\"fusion-column-wrapper fusion-flex-column-wrapper-legacy\"><div class=\"fusion-text fusion-text-1\"><h1 class=\"bodytext\"><b><span lang=\"EN-GB\">Impressum<\/span><\/b><\/h1>\n<p class=\"bodytext\"><b><span lang=\"EN-GB\">Abacus Analytical System GmbH<\/span><\/b><\/p>\n<p>abacus-lab.com<\/p>\n<p><strong>Herausgeber<\/strong><\/p>\n<p>Abacus Analytical Systems GmbH<\/p>\n<p>K\u00f6nigsbacher Zeile 12a<\/p>\n<p>13465 Berlin<\/p>\n<p><strong>Kontakt<\/strong><\/p>\n<p>Telefon: +49 30 513 013 2-0<br \/>\nTelefax: +49 30 513 013 2-99<\/p>\n<p>E-Mail: sales@abacus-lab.de<\/p>\n<p><strong>Gesch\u00e4ftsf\u00fchrung<\/strong><\/p>\n<p>Hans C. Zimmermann<\/p>\n<p><strong>Handelsregister<\/strong><\/p>\n<p>Amtsgericht Berlin-Charlottenburg HRB 183913 B<\/p>\n<p><strong>USt-IdNr.<\/strong><\/p>\n<p>DE 113 528 089<\/p>\n<p><strong>Haftungsausschluss f\u00fcr externe Links<\/strong><\/p>\n<p>Mit dem Urteil vom 12. Mai 1998 \u2013 312 O 85\/98 \u2013 \u201eHaftung f\u00fcr Links\u201c hat das Landgericht (LG) in Hamburg entschieden, dass man durch die Anbringung eines Links, die Inhalte der gelinkten Seite ggf. mit zu verantworten hat. Dies kann \u2013 so das LG \u2013 nur dadurch verhindert werden, indem man sich ausdr\u00fccklich von diesen Inhalten distanziert. Aus diesem Grunde distanziert sich die Abacus Analytical Systems GmbH explizit von den Inhalten anderer Seiten im Internet, mit denen diese Website verlinkt ist. Die Abacus Analytical Systems GmbH betont ausdr\u00fccklich, dass sie keinen Einfluss auf die Gestaltung und den Inhalt der externen Seiten hat, auf die verlinkt wird. Abacus Analytical Systems GmbH kann daher auch keine Gew\u00e4hr f\u00fcr die Aktualit\u00e4t, Korrektheit, Vollst\u00e4ndigkeit oder Qualit\u00e4t der dort bereitgestellten Informationen \u00fcbernehmen. Diese Erkl\u00e4rung gilt f\u00fcr alle auf unseren Internetseiten enthaltenen Links zu externen Internetseiten und alle Inhalte der Seiten, zu denen diese Links f\u00fchren.<\/p>\n<p><strong>Haftung f\u00fcr Inhalte<\/strong><\/p>\n<p>Der Autor \u00fcbernimmt keinerlei Gew\u00e4hr f\u00fcr die Aktualit\u00e4t, Korrektheit, Vollst\u00e4ndigkeit oder Qualit\u00e4t der bereitgestellten Informationen. Haftungsanspr\u00fcche gegen den Autor, die sich auf Sch\u00e4den materieller oder ideeller Art beziehen, welche durch die Nutzung oder Nichtnutzung der dargebotenen Informationen bzw. durch die Nutzung fehlerhafter und unvollst\u00e4ndiger Informationen verursacht wurden sind grunds\u00e4tzlich ausgeschlossen, sofern seitens des Autors kein nachweislich vors\u00e4tzliches oder grob fahrl\u00e4ssiges Verschulden vorliegt. Alle Angebote sind freibleibend und unverbindlich. Der Autor beh\u00e4lt es sich ausdr\u00fccklich vor, Teile der Seiten oder das gesamte Angebot ohne gesonderte Ank\u00fcndigung zu ver\u00e4ndern, zu erg\u00e4nzen, zu l\u00f6schen oder die Ver\u00f6ffentlichung zeitweise oder endg\u00fcltig einzustellen.<\/p>\n<\/div><div class=\"fusion-clearfix\"><\/div><\/div><\/div><\/div><\/div>\n","protected":false},"excerpt":{"rendered":"","protected":false},"author":1,"featured_media":0,"parent":0,"menu_order":0,"comment_status":"closed","ping_status":"closed","template":"100-width.php","meta":{"_mi_skip_tracking":false,"_monsterinsights_sitenote_active":false,"_monsterinsights_sitenote_note":"","_monsterinsights_sitenote_category":0},"yoast_head":"<!-- This site is optimized with the Yoast SEO plugin v20.2.1 - https:\/\/yoast.com\/wordpress\/plugins\/seo\/ -->\n<title>Impressum - Abacus Analytical Systems<\/title>\n<meta name=\"robots\" content=\"index, follow, max-snippet:-1, max-image-preview:large, max-video-preview:-1\" \/>\n<link rel=\"canonical\" href=\"https:\/\/abacus-lab.de\/de\/impressum\/\" \/>\n<meta property=\"og:locale\" content=\"de_DE\" \/>\n<meta property=\"og:type\" content=\"article\" \/>\n<meta property=\"og:title\" content=\"Impressum - Abacus Analytical Systems\" \/>\n<meta property=\"og:url\" content=\"https:\/\/abacus-lab.de\/de\/impressum\/\" \/>\n<meta property=\"og:site_name\" content=\"Abacus Analytical Systems\" \/>\n<meta property=\"article:modified_time\" content=\"2024-01-15T13:23:06+00:00\" \/>\n<meta name=\"twitter:card\" content=\"summary_large_image\" \/>\n<meta name=\"twitter:label1\" content=\"Gesch\u00e4tzte Lesezeit\" \/>\n\t<meta name=\"twitter:data1\" content=\"2\u00a0Minuten\" \/>\n<script type=\"application\/ld+json\" class=\"yoast-schema-graph\">{\"@context\":\"https:\/\/schema.org\",\"@graph\":[{\"@type\":\"WebPage\",\"@id\":\"https:\/\/abacus-lab.de\/de\/impressum\/\",\"url\":\"https:\/\/abacus-lab.de\/de\/impressum\/\",\"name\":\"Impressum - Abacus Analytical Systems\",\"isPartOf\":{\"@id\":\"https:\/\/abacus-lab.de\/de\/#website\"},\"datePublished\":\"2018-07-23T07:06:17+00:00\",\"dateModified\":\"2024-01-15T13:23:06+00:00\",\"breadcrumb\":{\"@id\":\"https:\/\/abacus-lab.de\/de\/impressum\/#breadcrumb\"},\"inLanguage\":\"de\",\"potentialAction\":[{\"@type\":\"ReadAction\",\"target\":[\"https:\/\/abacus-lab.de\/de\/impressum\/\"]}]},{\"@type\":\"BreadcrumbList\",\"@id\":\"https:\/\/abacus-lab.de\/de\/impressum\/#breadcrumb\",\"itemListElement\":[{\"@type\":\"ListItem\",\"position\":1,\"name\":\"Startseite\",\"item\":\"https:\/\/abacus-lab.de\/de\/\"},{\"@type\":\"ListItem\",\"position\":2,\"name\":\"Impressum\"}]},{\"@type\":\"WebSite\",\"@id\":\"https:\/\/abacus-lab.de\/de\/#website\",\"url\":\"https:\/\/abacus-lab.de\/de\/\",\"name\":\"Abacus Analytical Systems\",\"description\":\"Analytical Chemistry | Biotechnology | Bioscience\",\"potentialAction\":[{\"@type\":\"SearchAction\",\"target\":{\"@type\":\"EntryPoint\",\"urlTemplate\":\"https:\/\/abacus-lab.de\/de\/?s={search_term_string}\"},\"query-input\":\"required name=search_term_string\"}],\"inLanguage\":\"de\"}]}<\/script>\n<!-- \/ Yoast SEO plugin. -->","yoast_head_json":{"title":"Impressum - Abacus Analytical Systems","robots":{"index":"index","follow":"follow","max-snippet":"max-snippet:-1","max-image-preview":"max-image-preview:large","max-video-preview":"max-video-preview:-1"},"canonical":"https:\/\/abacus-lab.de\/de\/impressum\/","og_locale":"de_DE","og_type":"article","og_title":"Impressum - Abacus Analytical Systems","og_url":"https:\/\/abacus-lab.de\/de\/impressum\/","og_site_name":"Abacus Analytical Systems","article_modified_time":"2024-01-15T13:23:06+00:00","twitter_card":"summary_large_image","twitter_misc":{"Gesch\u00e4tzte Lesezeit":"2\u00a0Minuten"},"schema":{"@context":"https:\/\/schema.org","@graph":[{"@type":"WebPage","@id":"https:\/\/abacus-lab.de\/de\/impressum\/","url":"https:\/\/abacus-lab.de\/de\/impressum\/","name":"Impressum - Abacus Analytical Systems","isPartOf":{"@id":"https:\/\/abacus-lab.de\/de\/#website"},"datePublished":"2018-07-23T07:06:17+00:00","dateModified":"2024-01-15T13:23:06+00:00","breadcrumb":{"@id":"https:\/\/abacus-lab.de\/de\/impressum\/#breadcrumb"},"inLanguage":"de","potentialAction":[{"@type":"ReadAction","target":["https:\/\/abacus-lab.de\/de\/impressum\/"]}]},{"@type":"BreadcrumbList","@id":"https:\/\/abacus-lab.de\/de\/impressum\/#breadcrumb","itemListElement":[{"@type":"ListItem","position":1,"name":"Startseite","item":"https:\/\/abacus-lab.de\/de\/"},{"@type":"ListItem","position":2,"name":"Impressum"}]},{"@type":"WebSite","@id":"https:\/\/abacus-lab.de\/de\/#website","url":"https:\/\/abacus-lab.de\/de\/","name":"Abacus Analytical Systems","description":"Analytical Chemistry | Biotechnology | Bioscience","potentialAction":[{"@type":"SearchAction","target":{"@type":"EntryPoint","urlTemplate":"https:\/\/abacus-lab.de\/de\/?s={search_term_string}"},"query-input":"required name=search_term_string"}],"inLanguage":"de"}]}},"_links":{"self":[{"href":"https:\/\/abacus-lab.de\/de\/wp-json\/wp\/v2\/pages\/115"}],"collection":[{"href":"https:\/\/abacus-lab.de\/de\/wp-json\/wp\/v2\/pages"}],"about":[{"href":"https:\/\/abacus-lab.de\/de\/wp-json\/wp\/v2\/types\/page"}],"author":[{"embeddable":true,"href":"https:\/\/abacus-lab.de\/de\/wp-json\/wp\/v2\/users\/1"}],"replies":[{"embeddable":true,"href":"https:\/\/abacus-lab.de\/de\/wp-json\/wp\/v2\/comments?post=115"}],"version-history":[{"count":10,"href":"https:\/\/abacus-lab.de\/de\/wp-json\/wp\/v2\/pages\/115\/revisions"}],"predecessor-version":[{"id":36757,"href":"https:\/\/abacus-lab.de\/de\/wp-json\/wp\/v2\/pages\/115\/revisions\/36757"}],"wp:attachment":[{"href":"https:\/\/abacus-lab.de\/de\/wp-json\/wp\/v2\/media?parent=115"}],"curies":[{"name":"wp","href":"https:\/\/api.w.org\/{rel}","templated":true}]}}