{"id":184,"date":"2018-07-04T21:26:49","date_gmt":"2018-07-04T19:26:49","guid":{"rendered":"http:\/\/wordpress.abacus-lab.de\/?page_id=184"},"modified":"2020-08-18T15:26:27","modified_gmt":"2020-08-18T13:26:27","slug":"privacy_policy","status":"publish","type":"page","link":"https:\/\/abacus-lab.de\/de\/privacy_policy\/","title":{"rendered":"Datenschutzerkl\u00e4rung"},"content":{"rendered":"<div class=\"fusion-fullwidth fullwidth-box fusion-builder-row-1 fusion-parallax-none nonhundred-percent-fullwidth non-hundred-percent-height-scrolling\" style=\"--awb-border-radius-top-left:0px;--awb-border-radius-top-right:0px;--awb-border-radius-bottom-right:0px;--awb-border-radius-bottom-left:0px;--awb-background-image:url(&quot;https:\/\/abacus-lab.com\/wp-content\/uploads\/2018\/07\/BG_15-300x220.jpg&quot;);--awb-background-size:cover;\" ><div class=\"fusion-builder-row fusion-row\"><div class=\"fusion-layout-column fusion_builder_column fusion-builder-column-0 fusion_builder_column_1_1 1_1 fusion-one-full fusion-column-first fusion-column-last\" style=\"--awb-padding-top:30px;--awb-bg-size:cover;--awb-margin-top:50px;--awb-margin-bottom:0px;\"><div class=\"fusion-column-wrapper fusion-flex-column-wrapper-legacy\"><div class=\"fusion-text fusion-text-1\"><h1><strong>DATENSCHUTZERKL\u00c4RUNG<\/strong><\/h1>\n<p>(ber\u00fccksichtigt die neue EU-Datenschutzgrundverordnung (DSGVO), die seit 25. Mai 2018 in Kraft getreten ist.)<\/p>\n<ol>\n<li><strong> Umfang dieser Richtlinie<\/strong><\/li>\n<\/ol>\n<p>Diese Datenschutzrichtlinie beschreibt, auf welche Weise Abacus Analytical System GmbH (&#8222;ABACUS&#8220;) und ihre Tochtergesellschaften Informationen \u00fcber einzelne Personen, die diese Website besuchen oder Informationen auf andere Weise \u00fcbermitteln, sammeln, speichern und nutzen.<\/p>\n<p>DURCH DIE \u00dcBERMITTLUNG VON INFORMATIONEN AN UNS ODER DURCH DIE NUTZUNG UNSERER WEBSITE, EINSCHLIESSLICH JEGLICHER TOOLS, ERKL\u00c4REN SIE SICH MIT DER SAMMLUNG UND VERWENDUNG VON INFORMATONEN, WIE IN DIESER DATENSCHUTZRICHTLINIE DARGELEGT, EINVERSTANDEN. SIE ERKENNEN AUCH AN, DASS ABACUS DIESE DATENSCHUTZRICHTLINIE OHNE VORHERIGE MITTEILUNG PERIODISCH \u00c4NDERN, \u00c4NDERN, HINZUF\u00dcGEN ODER ENTFERNEN ODER ANDERWEITIG AKTUALISIEREN KANN.<\/p>\n<p>Wir k\u00f6nnen diese Datenschutzerkl\u00e4rung von Zeit zu Zeit \u00e4ndern. Sollte dies der Fall sein, werden wir auf dieser Seite unverz\u00fcglich \u00c4nderungen an unserer Datenschutzerkl\u00e4rung ver\u00f6ffentlichen, so dass Sie umfassend dar\u00fcber informiert sind, welche Arten von Informationen wir erfassen, wie wir sie verwenden und unter welchen Umst\u00e4nden sie ver\u00f6ffentlicht werden k\u00f6nnen. Unsere Datenschutzrichtlinie befindet sich auf unserer Homepage und ist auch auf jeder Seite verf\u00fcgbar, auf der personenbezogene Daten angefordert werden. Wir laden Sie daher ein, diese Richtlinie von Zeit zu Zeit zu konsultieren, um sich mit \u00c4nderungen vertraut zu machen.<\/p>\n<ol start=\"2\">\n<li><strong> Pers\u00f6nliche Daten <\/strong><\/li>\n<\/ol>\n<p>Der Begriff &#8222;Pers\u00f6nliche Daten&#8220;, wie er in dieser Datenschutzrichtlinie verwendet wird, bezieht sich auf Informationen wie Ihren Namen, Ihre E-Mail-Adresse, Postanschrift oder Telefonnummer, die Sie identifizieren k\u00f6nnen. Insbesondere erfassen wir Informationen, die Sie uns \u00fcber unsere Website \u00fcbermitteln, insbesondere Informationen, die in unseren Online-Tools (Abacus Academy usw.) eingegeben wurden. ABACUS sammelt keine sensiblen pers\u00f6nlichen Daten (z. B. Daten in Bezug auf: Ihre religi\u00f6sen oder politischen \u00dcberzeugungen, Ihre Gesundheit oder Ihre Rasse, etc.). Im Allgemeinen verarbeiten wir Ihre personenbezogenen Daten nur wie in dieser Datenschutzrichtlinie beschrieben. Wir behalten uns jedoch das Recht vor, eine zus\u00e4tzliche Verarbeitung im gesetzlich zul\u00e4ssigen oder gesetzlich vorgeschriebenen Umfang oder zur Unterst\u00fctzung berechtigter Anfragen von Beh\u00f6rden durchzuf\u00fchren.<\/p>\n<ol start=\"3\">\n<li><strong> Vorgesehene Verwendung personenbezogener Daten<\/strong><\/li>\n<\/ol>\n<p>Die meisten unserer Dienste erfordern keine Registrierung, so dass Sie unsere Seite besuchen k\u00f6nnen, ohne uns mitzuteilen, wer Sie sind. Bei einigen Diensten m\u00fcssen Sie jedoch m\u00f6glicherweise personenbezogene Daten angeben. Wenn Sie sich in diesem Fall dazu entschlie\u00dfen, von uns angeforderte personenbezogene Daten zur\u00fcckzuhalten, ist es Ihnen m\u00f6glicherweise nicht m\u00f6glich, Zugang zu bestimmten Teilen der Website zu erhalten oder Gesch\u00e4fte mit uns zu t\u00e4tigen und uns auf Ihre Anfrage zu antworten.Wir erfassen und verwenden personenbezogene Daten m\u00f6glicherweise, um Ihnen Produkte oder Dienstleistungen zur Verf\u00fcgung zu stellen, Ihnen Produkte und Dienstleistungen in Rechnung zu stellen, Produkte und Dienstleistungen zu vermarkten, von denen wir glauben, dass sie f\u00fcr Sie interessant sein k\u00f6nnten, um Sie \u00fcber Aktualisierungen unserer Website zu informieren oder andere Marketing-Informationen oder um mit Ihnen zu anderen Zwecken zu kommunizieren, die aus den Umst\u00e4nden ersichtlich sind oder \u00fcber die wir Sie informieren, wenn wir personenbezogene Daten von Ihnen erfassen.<\/p>\n<ol start=\"4\">\n<li><strong>Speicherung von pers\u00f6nlichen Daten <\/strong><\/li>\n<\/ol>\n<p>ABACUS speichert im Allgemeinen die personenbezogenen Daten, die 10 Jahre nach der letzten Verarbeitung gesammelt wurden, um den gesetzlichen Buchhaltungsvorschriften zu entsprechen. Wir speichern andere Daten so lange, wie es f\u00fcr die Ausf\u00fchrung des Vertrages und zur Wahrung unserer Rechte erforderlich ist. Wir behalten uns das Recht vor, l\u00e4ngere gesetzliche und betriebliche Speicheranforderungen und -gr\u00fcnde anzuwenden. Personenbezogene Daten, die f\u00fcr Marketingaktivit\u00e4ten gesammelt werden, werden in der Regel gel\u00f6scht, sobald der Zweck der Aktivit\u00e4t erf\u00fcllt ist. Dar\u00fcber hinaus k\u00f6nnen personenbezogene Daten an Dritte weitergegeben werden, wenn dies aufgrund eines anwendbaren Gesetzes, eines Gerichtsbeschlusses oder einer beh\u00f6rdlichen Anordnung erforderlich ist oder wenn eine solche Offenlegung zur Unterst\u00fctzung berechtigter Antr\u00e4ge von Beh\u00f6rden erforderlich ist.<\/p>\n<ol start=\"5\">\n<li><strong>Geheimhaltung personenbezogener Daten <\/strong><\/li>\n<\/ol>\n<p>Wir werden Ihre pers\u00f6nlichen Daten nicht an Dritte verkaufen, teilen oder anderweitig weitergeben, au\u00dfer wie in dieser Datenschutzrichtlinie angegeben. Wir geben Ihre pers\u00f6nlichen Daten m\u00f6glicherweise an andere ABACUS-Tochtergesellschaften weltweit weiter, die sich damit einverstanden erkl\u00e4ren, sie in \u00dcbereinstimmung mit dieser Datenschutzrichtlinie zu behandeln. Personenbezogene Daten k\u00f6nnen auch an Dritte weitergegeben werden, die f\u00fcr oder in unserem Namen handeln, zur weiteren Verarbeitung in \u00dcbereinstimmung mit den Zwecken, f\u00fcr die die Daten urspr\u00fcnglich erhoben wurden oder auf andere Weise rechtm\u00e4\u00dfig verarbeitet werden, wie z. B. Dienstleistungen, Marketing, Daten Management oder technische Unterst\u00fctzung. Diese Dritten haben mit uns vertraglich vereinbart, personenbezogene Daten nur f\u00fcr den vereinbarten Zweck zu verwenden und Ihre personenbezogenen Daten nicht an Dritte zu verkaufen und sie nicht an Dritte weiterzugeben, es sei denn, dies ist gesetzlich vorgeschrieben, wie von uns gestattet oder wie in dieser Datenschutzrichtlinie angegeben. Sollte die Bearbeitung dieser Daten durch Dritte erforderlich sein, beachten Sie bitte Abschnitt 8 dieser Richtlinie.\u00a0Dar\u00fcber hinaus k\u00f6nnen personenbezogene Daten an Dritte weitergegeben werden, wenn wir aufgrund eines anwendbaren Gesetzes, eines Gerichtsbeschlusses oder einer beh\u00f6rdlichen Anordnung dazu verpflichtet sind oder eine solche Offenlegung zur Unterst\u00fctzung berechtigter Anfragen von Beh\u00f6rden, einschlie\u00dflich Aufsichtsbeh\u00f6rden, erforderlich ist B\u00f6rsen.<\/p>\n<ol start=\"6\">\n<li><strong>Zugangsrecht, Berichtigung und Widerspruch <\/strong><\/li>\n<\/ol>\n<p>Gem\u00e4\u00df den geltenden Datenschutzgesetzen haben Sie das Recht, der Verarbeitung Ihrer personenbezogenen Daten zu widersprechen, wenn diese Verarbeitung f\u00fcr die Ausf\u00fchrung eines Vertrags oder eines legitimen Gesch\u00e4ftszwecks, wie in dieser Richtlinie beschrieben, nicht angemessen ist. Im Falle des elektronischen Direktmarketings bieten wir Ihnen eine Methode an, um den Erhalt weiterer Marketingmaterialien oder eine Methode zur Anmeldung abzulehnen, wenn dies gesetzlich vorgeschrieben ist. Wenn Sie uns bez\u00fcglich der Verwendung Ihrer pers\u00f6nlichen Daten oder der Verarbeitung Ihrer pers\u00f6nlichen Daten kontaktieren m\u00f6chten, senden Sie uns bitte eine E-Mail an privacy@ABACUS.com. Wenn Sie uns kontaktieren, beachten Sie bitte die spezifischen Informationen, die wir korrigieren, aktualisieren oder l\u00f6schen m\u00f6chten, sowie eine korrekte Identifizierung von Ihnen. Anfragen zur L\u00f6schung personenbezogener Daten unterliegen allen geltenden gesetzlichen und ethischen Berichterstattungs- oder Dokumentenlegungs- oder Aufbewahrungspflichten.\u00a0Wenn ABACUS aufgrund Ihres Widerspruchs nicht in der Lage ist, die mit Ihnen vertraglich vereinbarten Leistungen zu erbringen, gilt der Widerspruch als Vertragsbruch von Ihnen und ABACUS hat das Recht, den Vertrag mit Ihnen ohne Einhaltung einer Frist zu k\u00fcndigen.<\/p>\n<ol start=\"7\">\n<li><strong>Sicherheit und Vertraulichkeit <\/strong><\/li>\n<\/ol>\n<p>Um die Sicherheit und Vertraulichkeit der von uns erfassten pers\u00f6nlichen Daten zu gew\u00e4hrleisten, hat ABACUS geeignete technische und organisatorische Sicherheitsma\u00dfnahmen getroffen und wir verwenden Datennetzwerke, die unter anderem durch branchen\u00fcbliche Firewalls und Passwortschutz gesch\u00fctzt sind. Im Zuge des Umgangs mit Ihren pers\u00f6nlichen Daten ergreifen wir Ma\u00dfnahmen, die zum Schutz dieser Informationen vor Verlust, Missbrauch, unbefugtem Zugriff, Offenlegung, \u00c4nderung oder Zerst\u00f6rung angemessen sind.\u00a0Sie erkennen jedoch an, dass alle \u00fcber das Internet gesendeten Informationen nicht sicher sind. Diese Daten k\u00f6nnen von unbefugten Dritten eingesehen werden, was zu Offenlegungen, inhaltlichen \u00c4nderungen oder technischem Versagen f\u00fchren kann. ABACUS ist nicht verantwortlich oder haftbar f\u00fcr die Sicherheit Ihrer Daten w\u00e4hrend der \u00dcbertragung \u00fcber das Internet an uns. Bitte verwenden Sie andere Kommunikationsmittel, wenn Sie dies aus Sicherheitsgr\u00fcnden f\u00fcr notwendig halten.<\/p>\n<ol start=\"8\">\n<li><strong>Daten\u00fcbertragung ins Ausland <\/strong><\/li>\n<\/ol>\n<p>ABACUS ist ein weltweit t\u00e4tiges Unternehmen und verf\u00fcgt \u00fcber Datenbanken in verschiedenen L\u00e4ndern, von denen einige von der lokalen ABACUS Company betrieben werden und einige von Dritten im Auftrag der lokalen ABACUS Company betrieben werden. Diese Dritten k\u00f6nnen sich au\u00dferhalb der EU oder im Ausland befinden, auch in L\u00e4ndern, in denen Rechtsvorschriften kein angemessenes Datenschutzniveau gew\u00e4hrleisten. Wir verpflichten uns jedoch, alle erforderlichen Ma\u00dfnahmen zu ergreifen, um alle lokalen und weltweiten Datenschutzgesetze, die Datenschutz-Grundverordnung der Europ\u00e4ischen Union und die Datenschutzrahmen des US-Handelsministeriums einzuhalten. Im Falle der \u00dcbermittlung von Daten in L\u00e4nder ohne Datensicherheit auf den entsprechenden Ebenen gew\u00e4hrleistet ABACUS, dass der entsprechende Schutz personenbezogener Daten durch Unterzeichnung von Datenverarbeitungsvereinbarungen, z. basierend auf Standardvertragsklauseln der EU.<\/p>\n<ol start=\"9\">\n<li><strong>&#8222;Cookies&#8220; und Log-Dateien <\/strong><\/li>\n<\/ol>\n<p>Wir erfassen und verarbeiten m\u00f6glicherweise Informationen \u00fcber Ihren Besuch auf dieser Website, z. B. die von Ihnen besuchten Seiten, die Website, von der Sie gekommen sind, und einige der von Ihnen durchgef\u00fchrten Suchanfragen. Diese Informationen werden von uns verwendet, um den Inhalt der Website zu verbessern, Nutzungsmuster abzubilden und aggregierte Statistiken \u00fcber Personen zu erstellen, die unsere Website f\u00fcr interne Marktforschungszwecke nutzen. Dabei installieren wir m\u00f6glicherweise &#8222;Cookies&#8220;, die den Domain-Namen des Nutzers, Ihren Internet Service Provider, Ihr Betriebssystem sowie Datum und Uhrzeit des Zugriffs erfassen. Die meisten Webbrowser sind so eingestellt, dass sie Cookies akzeptieren. Sie k\u00f6nnen jedoch Ihren Browser zur\u00fccksetzen, um alle Cookies abzulehnen oder anzugeben, wenn ein Cookie gesendet wird. Beachten Sie jedoch, dass einige Bereiche unserer Websites m\u00f6glicherweise nicht ordnungsgem\u00e4\u00df funktionieren, wenn Sie Cookies ablehnen. Weitere Informationen zu Cookies und Cookie-Einstellungen finden Sie in der ABACUS-Cookie-Richtlinie.\u00a0Eine Internetworking-Protokolladresse (&#8222;IP-Adresse&#8220;) ist eine 32-stellige Bin\u00e4rzahl, die Ihrem Computer bei der Verbindung mit dem Internet automatisch zugewiesen wird und die jeden Absender oder Empf\u00e4nger von Informationen identifiziert. Wir k\u00f6nnen IP-Adressen verwenden, um Trends zu analysieren, die Website zu verwalten, die Bewegungen des Benutzers zu verfolgen und umfassende demografische Informationen f\u00fcr die Gesamtnutzung zu sammeln. Wir speichern Protokolldateien dieser IP-Adressen f\u00fcr administrative, Sicherheits- und statistische Zwecke. Diese Adressen sind jedoch nicht mit pers\u00f6nlichen Daten verkn\u00fcpft.<\/p>\n<ol start=\"10\">\n<li><strong>Links zu anderen Websites <\/strong><\/li>\n<\/ol>\n<p>Unsere Websites enthalten Links zu einer Reihe von Websites, von denen wir glauben, dass sie f\u00fcr unsere Besucher von Interesse sein k\u00f6nnten. Wir m\u00f6chten sicherstellen, dass solche Websites den h\u00f6chsten Standards entsprechen. Diese Datenschutzrichtlinie gilt jedoch nicht f\u00fcr diese Websites und wir k\u00f6nnen die Datenschutzstandards von Websites, auf die wir verlinken oder f\u00fcr die Inhalte von Nicht-ABACUS-Websites verantwortlich sind, nicht garantieren.<\/p>\n<ol start=\"11\">\n<li><strong>Wie kontaktiere ich ABACUS?<\/strong><\/li>\n<\/ol>\n<p>Wenn Sie Fragen oder Beschwerden zu dieser Datenschutzrichtlinie oder zum Datenschutz bei ABACUS im Allgemeinen haben, senden Sie uns bitte eine E-Mail an <a href=\"mailto:privacy@abacus-lab.com\">privacy@abacus-lab.com<\/a> oder nutzen Sie den folgenden Kontakt:<\/p>\n<p>Abacus Analytical Systems GmbH<br \/>\nDatenschutzbeauftragte*r<br \/>\nBottroper Weg 2<br \/>\n13507 Berlin<\/p>\n<\/div><div class=\"fusion-privacy-element fusion-privacy-element-1\"><div class=\"fusion-privacy-form-intro\"><p>Wir verwenden verschiedene Tools von Drittanbietern wie z.B. YouTube. Sie haben die M\u00f6glichkeit Ihre Einstellungen zu \u00e4ndern und die verschiedenen Dienste nach Wunsch abzustellen.<\/p>\n<\/div><form id=\"fusion-privacy-form-1\" method=\"post\" class=\"fusion-privacy-form fusion-privacy-form-stacked\"><ul><li><label for=\"youtube\"><input name=\"consents[]\" type=\"checkbox\" value=\"youtube\"  id=\"youtube\">YouTube<\/label><\/li><li><label for=\"gmaps\"><input name=\"consents[]\" type=\"checkbox\" value=\"gmaps\"  id=\"gmaps\">Google Maps<\/label><\/li><li><label for=\"tracking\"><input name=\"consents[]\" type=\"checkbox\" value=\"tracking\"  id=\"tracking\">Tracking Cookies<\/label><\/li><\/ul><input type=\"hidden\" name=\"_wp_http_referer\" value=\"\/de\/wp-json\/wp\/v2\/pages\/184\" \/><input type=\"hidden\" name=\"privacyformid\" value=\"1\"><input type=\"hidden\" name=\"consents[]\" value=\"consent\"><input class=\"fusion-button fusion-button-default fusion-button-default-size\" type=\"submit\" value=\"Update\" ><\/form><\/div><div class=\"fusion-clearfix\"><\/div><\/div><\/div><\/div><\/div>\n","protected":false},"excerpt":{"rendered":"","protected":false},"author":1,"featured_media":0,"parent":0,"menu_order":0,"comment_status":"closed","ping_status":"closed","template":"100-width.php","meta":{"_mi_skip_tracking":false,"_monsterinsights_sitenote_active":false,"_monsterinsights_sitenote_note":"","_monsterinsights_sitenote_category":0},"yoast_head":"<!-- This site is optimized with the Yoast SEO plugin v20.2.1 - https:\/\/yoast.com\/wordpress\/plugins\/seo\/ -->\n<title>Datenschutzerkl\u00e4rung - Abacus Analytical Systems<\/title>\n<meta name=\"robots\" content=\"index, follow, max-snippet:-1, max-image-preview:large, max-video-preview:-1\" \/>\n<link rel=\"canonical\" href=\"https:\/\/abacus-lab.de\/de\/privacy_policy\/\" \/>\n<meta property=\"og:locale\" content=\"de_DE\" \/>\n<meta property=\"og:type\" content=\"article\" \/>\n<meta property=\"og:title\" content=\"Datenschutzerkl\u00e4rung - Abacus Analytical Systems\" \/>\n<meta property=\"og:url\" content=\"https:\/\/abacus-lab.de\/de\/privacy_policy\/\" \/>\n<meta property=\"og:site_name\" content=\"Abacus Analytical Systems\" \/>\n<meta property=\"article:modified_time\" content=\"2020-08-18T13:26:27+00:00\" \/>\n<meta name=\"twitter:card\" content=\"summary_large_image\" \/>\n<meta name=\"twitter:label1\" content=\"Gesch\u00e4tzte Lesezeit\" \/>\n\t<meta name=\"twitter:data1\" content=\"10\u00a0Minuten\" \/>\n<script type=\"application\/ld+json\" class=\"yoast-schema-graph\">{\"@context\":\"https:\/\/schema.org\",\"@graph\":[{\"@type\":\"WebPage\",\"@id\":\"https:\/\/abacus-lab.de\/de\/privacy_policy\/\",\"url\":\"https:\/\/abacus-lab.de\/de\/privacy_policy\/\",\"name\":\"Datenschutzerkl\u00e4rung - Abacus Analytical Systems\",\"isPartOf\":{\"@id\":\"https:\/\/abacus-lab.de\/de\/#website\"},\"datePublished\":\"2018-07-04T19:26:49+00:00\",\"dateModified\":\"2020-08-18T13:26:27+00:00\",\"breadcrumb\":{\"@id\":\"https:\/\/abacus-lab.de\/de\/privacy_policy\/#breadcrumb\"},\"inLanguage\":\"de\",\"potentialAction\":[{\"@type\":\"ReadAction\",\"target\":[\"https:\/\/abacus-lab.de\/de\/privacy_policy\/\"]}]},{\"@type\":\"BreadcrumbList\",\"@id\":\"https:\/\/abacus-lab.de\/de\/privacy_policy\/#breadcrumb\",\"itemListElement\":[{\"@type\":\"ListItem\",\"position\":1,\"name\":\"Startseite\",\"item\":\"https:\/\/abacus-lab.de\/de\/\"},{\"@type\":\"ListItem\",\"position\":2,\"name\":\"Datenschutzerkl\u00e4rung\"}]},{\"@type\":\"WebSite\",\"@id\":\"https:\/\/abacus-lab.de\/de\/#website\",\"url\":\"https:\/\/abacus-lab.de\/de\/\",\"name\":\"Abacus Analytical Systems\",\"description\":\"Analytical Chemistry | Biotechnology | Bioscience\",\"potentialAction\":[{\"@type\":\"SearchAction\",\"target\":{\"@type\":\"EntryPoint\",\"urlTemplate\":\"https:\/\/abacus-lab.de\/de\/?s={search_term_string}\"},\"query-input\":\"required name=search_term_string\"}],\"inLanguage\":\"de\"}]}<\/script>\n<!-- \/ Yoast SEO plugin. -->","yoast_head_json":{"title":"Datenschutzerkl\u00e4rung - Abacus Analytical Systems","robots":{"index":"index","follow":"follow","max-snippet":"max-snippet:-1","max-image-preview":"max-image-preview:large","max-video-preview":"max-video-preview:-1"},"canonical":"https:\/\/abacus-lab.de\/de\/privacy_policy\/","og_locale":"de_DE","og_type":"article","og_title":"Datenschutzerkl\u00e4rung - Abacus Analytical Systems","og_url":"https:\/\/abacus-lab.de\/de\/privacy_policy\/","og_site_name":"Abacus Analytical Systems","article_modified_time":"2020-08-18T13:26:27+00:00","twitter_card":"summary_large_image","twitter_misc":{"Gesch\u00e4tzte Lesezeit":"10\u00a0Minuten"},"schema":{"@context":"https:\/\/schema.org","@graph":[{"@type":"WebPage","@id":"https:\/\/abacus-lab.de\/de\/privacy_policy\/","url":"https:\/\/abacus-lab.de\/de\/privacy_policy\/","name":"Datenschutzerkl\u00e4rung - Abacus Analytical Systems","isPartOf":{"@id":"https:\/\/abacus-lab.de\/de\/#website"},"datePublished":"2018-07-04T19:26:49+00:00","dateModified":"2020-08-18T13:26:27+00:00","breadcrumb":{"@id":"https:\/\/abacus-lab.de\/de\/privacy_policy\/#breadcrumb"},"inLanguage":"de","potentialAction":[{"@type":"ReadAction","target":["https:\/\/abacus-lab.de\/de\/privacy_policy\/"]}]},{"@type":"BreadcrumbList","@id":"https:\/\/abacus-lab.de\/de\/privacy_policy\/#breadcrumb","itemListElement":[{"@type":"ListItem","position":1,"name":"Startseite","item":"https:\/\/abacus-lab.de\/de\/"},{"@type":"ListItem","position":2,"name":"Datenschutzerkl\u00e4rung"}]},{"@type":"WebSite","@id":"https:\/\/abacus-lab.de\/de\/#website","url":"https:\/\/abacus-lab.de\/de\/","name":"Abacus Analytical Systems","description":"Analytical Chemistry | Biotechnology | Bioscience","potentialAction":[{"@type":"SearchAction","target":{"@type":"EntryPoint","urlTemplate":"https:\/\/abacus-lab.de\/de\/?s={search_term_string}"},"query-input":"required name=search_term_string"}],"inLanguage":"de"}]}},"_links":{"self":[{"href":"https:\/\/abacus-lab.de\/de\/wp-json\/wp\/v2\/pages\/184"}],"collection":[{"href":"https:\/\/abacus-lab.de\/de\/wp-json\/wp\/v2\/pages"}],"about":[{"href":"https:\/\/abacus-lab.de\/de\/wp-json\/wp\/v2\/types\/page"}],"author":[{"embeddable":true,"href":"https:\/\/abacus-lab.de\/de\/wp-json\/wp\/v2\/users\/1"}],"replies":[{"embeddable":true,"href":"https:\/\/abacus-lab.de\/de\/wp-json\/wp\/v2\/comments?post=184"}],"version-history":[{"count":8,"href":"https:\/\/abacus-lab.de\/de\/wp-json\/wp\/v2\/pages\/184\/revisions"}],"predecessor-version":[{"id":17334,"href":"https:\/\/abacus-lab.de\/de\/wp-json\/wp\/v2\/pages\/184\/revisions\/17334"}],"wp:attachment":[{"href":"https:\/\/abacus-lab.de\/de\/wp-json\/wp\/v2\/media?parent=184"}],"curies":[{"name":"wp","href":"https:\/\/api.w.org\/{rel}","templated":true}]}}