{"id":189,"date":"2018-07-23T16:13:24","date_gmt":"2018-07-23T14:13:24","guid":{"rendered":"http:\/\/wordpress.abacus-lab.de\/?page_id=189"},"modified":"2020-08-18T15:27:04","modified_gmt":"2020-08-18T13:27:04","slug":"terms","status":"publish","type":"page","link":"https:\/\/abacus-lab.de\/de\/terms\/","title":{"rendered":"AGB"},"content":{"rendered":"<div class=\"fusion-fullwidth fullwidth-box fusion-builder-row-1 fusion-parallax-none nonhundred-percent-fullwidth non-hundred-percent-height-scrolling\" style=\"--awb-border-radius-top-left:0px;--awb-border-radius-top-right:0px;--awb-border-radius-bottom-right:0px;--awb-border-radius-bottom-left:0px;--awb-background-color:#ededed;--awb-background-image:url(&quot;https:\/\/abacus-lab.com\/wp-content\/uploads\/2018\/07\/BG_15-300x220.jpg&quot;);--awb-background-size:cover;\" ><div class=\"fusion-builder-row fusion-row\"><div class=\"fusion-layout-column fusion_builder_column fusion-builder-column-0 fusion_builder_column_1_1 1_1 fusion-one-full fusion-column-first fusion-column-last\" style=\"--awb-padding-top:30px;--awb-padding-right:20px;--awb-padding-left:20px;--awb-bg-size:cover;--awb-margin-top:50px;\"><div class=\"fusion-column-wrapper fusion-flex-column-wrapper-legacy\"><div class=\"fusion-text fusion-text-1\"><h1>Allgemeine Gesch\u00e4ftsbedingungen der Abacus Analytical System GmbH<\/h1>\n<p><strong>I. \u00a0\u00a0 Geltungsbereich<\/strong><\/p>\n<ol>\n<li>\u00a0\u00a0\u00a0\u00a0Die Allgemeinen Gesch\u00e4ftsbedingungen (AGB) gelten f\u00fcr alle Gesch\u00e4ftsbeziehungen mit unseren Kunden (nachfolgend \u201eKunde\u201c). Sie gelten nur, wenn der Kunde Unternehmer (\u00a7 14 BGB), eine juristische Person des \u00f6ffentlichen Rechts oder ein \u00f6ffentlich-rechtliches Sonderverm\u00f6gen ist.<\/li>\n<li>Die AGB gelten in ihrer jeweiligen Fassung &#8211; auch f\u00fcr k\u00fcnftige Vertr\u00e4ge mit demselben Kunden -, ohne dass wir in jedem Einzelfall auf sie verweisen.<\/li>\n<li>Die AGB gelten ausschlie\u00dflich. Abweichende, auch erg\u00e4nzende Allgemeine Gesch\u00e4ftsbedingungen des Kunden gelten nur, wenn und soweit wir ihrer Geltung ausdr\u00fccklich schriftlich zugestimmt haben. Das gilt auch, wenn wir in Kenntnis der Allgemeinen Gesch\u00e4ftsbedingungen des Kunden seine Bestellung vorbehaltlos angenommen haben.<\/li>\n<li>\u00a0\u00a0\u00a0\u00a0 Individuelle Vereinbarungen mit dem Kunden (einschlie\u00dflich Erg\u00e4nzungen und \u00c4nderungen) haben Vorrang vor diesen AGB. F\u00fcr den Beweis des Inhalts der Individualvereinbarungen ist ein schriftlicher Vertrag, oder unsere schriftliche Best\u00e4tigung Voraussetzung.<\/li>\n<li>Erkl\u00e4rungen, die nach Vertragsschluss vom Kunden uns gegen\u00fcber abzugeben sind (z.B. Fristsetzungen, M\u00e4ngelanzeigen, R\u00fccktrittserkl\u00e4rungen), bed\u00fcrfen f\u00fcr Ihre Wirksamkeit der Schriftform.<\/li>\n<li>Soweit in diesen AGB oder einer individuellen Vereinbarung gem\u00e4\u00df Ziffer I.4 nicht unmittelbar abge\u00e4ndert oder ausgeschlossen, gelten die gesetzlichen Vorschriften.<\/li>\n<\/ol>\n<p><strong>II. \u00a0\u00a0 Angebot, Bestellung, Abtretungsverbot<\/strong><\/p>\n<ol>\n<li>\u00a0\u00a0\u00a0\u00a0An Angaben zum Liefergegenstand in unseren Angebotsschreiben halten wir uns 8 Wochen gebunden. Im \u00dcbrigen sind unsere Angebotsschreiben freibleibend und unverbindlich. Sie sind kein Angebot im Rechtssinn.<\/li>\n<li>Die Bestellung des Kunden ist verbindlich und damit ein Angebot im Rechtssinn. Wir k\u00f6nnen die Bestellung des Kunden innerhalb von 10 Arbeitstagen nach Zugang annehmen. Die Annahme erfolgt durch Zusenden einer schriftlichen Auftragsbest\u00e4tigung, bei Verbrauchsmaterialien alternativ durch Zusendung des Liefergegenstandes.<\/li>\n<li>Bei versehentlich falschen Angaben zum Liefergegenstand oder zum Preis behalten wir uns vor, den Vertrag anzufechten.<\/li>\n<li>Der Kunde darf Anspr\u00fcche aus dem Liefervertrag nur mit unserer vorherigen schriftlichen Zustimmung abtreten und nur, soweit unsere Interessen durch die Abtretung nicht unzumutbar beeintr\u00e4chtigt werden.<\/li>\n<\/ol>\n<p><strong>III. \u00a0\u00a0 Lieferzeit, Lieferverzug<\/strong><\/p>\n<ol>\n<li>Liefertermine sind nur verbindlich, wenn wir sie schriftlich best\u00e4tigt haben. Wurde eine Anzahlung vereinbart, beginnt die Lieferzeit mit der Mitteilung der Bank \u00fcber den Zahlungseingang.<\/li>\n<li>Ein verbindlicher Liefertermin ist eingehalten, wenn dem Kunden zuvor Versandbereitschaft gemeldet wurde und der Liefergegenstand am Termin an unserem Gesch\u00e4ftssitz zur Abholung bereit steht.<\/li>\n<li>Verz\u00f6gert sich die Lieferung, informieren wir den Kunden unverz\u00fcglich. Bei h\u00f6herer Gewalt oder sonstigen Ereignisse, die au\u00dferhalb unseres Einflussbereiches liegen, verl\u00e4ngert sich die Lieferzeit automatisch entsprechend. Bei f\u00fcr uns oder dem Kunden nicht zumutbarer Dauer derartiger Ereignisse besteht die Berechtigung, ganz oder teilweise vom Liefervertrag zur\u00fcckzutreten, bei gleichzeitiger R\u00fcckabwicklung des Liefervertrages und Ausschluss der Leistungspflichten. Das Gleiche gilt bei Nichtverf\u00fcgbarkeit des Liefergegenstandes, weil ein von uns geschlossenes kongruentes (Teil-) Deckungsgesch\u00e4ft von unserem Lieferanten nicht erf\u00fcllt oder eine erforderliche Einfuhrgenehmigung nicht erteilt wurde.<\/li>\n<li>Lieferverzug setzt eine schriftliche Mahnung des Kunden voraus.<\/li>\n<\/ol>\n<p><strong>IV. \u00a0\u00a0 Lieferung, Annahmeverzug<\/strong><\/p>\n<ol>\n<li>Lieferung erfolgt ab unserem Gesch\u00e4ftssitz (EXW). Erf\u00fcllungsort f\u00fcr alle Verpflichtungen aus dem Vertragsverh\u00e4ltnis ist unser Gesch\u00e4ftssitz. Ausgenommen hiervon ist die Inbetriebnahme beim Kunden, wenn wir uns zu dieser verpflichtet haben.<\/li>\n<li>Ger\u00e4te werden in einer speziellen Transportverpackung bereitgestellt.<\/li>\n<li>Wir sind zu Teillieferungen berechtigt, wenn eine Teillieferung f\u00fcr den Kunden nach dem vertraglichen Bestimmungszweck verwendbar und die Lieferung der restlichen Teile des Liefergegenstandes sichergestellt ist.<\/li>\n<li>L\u00e4sst der Kunde den Liefergegenstand zum verbindlich vereinbarten Liefertermin oder unverz\u00fcglich nach Zugang der Mitteilung \u00fcber die Versandbereitschaft nicht abholen (Annahmeverzug), sind wir berechtigt, Ersatz des uns hieraus entstehenden Schadens und etwaiger Mehraufwendungen (z. B. Lagerkosten) zu verlangen.<\/li>\n<\/ol>\n<p><strong>V. \u00a0\u00a0 Gefahr\u00fcbergang<\/strong><\/p>\n<ol>\n<li>Die Gefahr geht auf den Kunden \u00fcber, wenn der Liefergegenstand unseren Unternehmenssitz verl\u00e4sst. Dies gilt in gleicher Weise bei berechtigten Teillieferungen sowie bei \u00dcbernahme der Verpackungs- und \/ oder Transport- \/ Versand- und \/ oder Versicherungskosten durch uns.<\/li>\n<li>Bei Annahmeverzug (Ziffer IV.4) geht die Gefahr mit Ablauf des verbindlich vereinbarten Liefertermins \/ dem Zugang der Meldung \u00fcber die Versandbereitschaft auf den Kunden \u00fcber.<\/li>\n<\/ol>\n<p><strong>VI. \u00a0\u00a0 Preise, Zahlungsbedingungen, Zahlungsverzug, Leistungsverweigerungsrecht<\/strong><\/p>\n<ol>\n<li>Es gelten unsere jeweils zum Zeitpunkt des Vertragsschlusses aktuellen Preise.<\/li>\n<li>Die Preise enthalten keine Verpackungs-, Transport-\/Versand- und keine Versicherungskosten. Sie gelten ab Werk. Sie enthalten keine Umsatzsteuer. Verpackungskosten stellen wir dem Kunden immer gesondert in Rechnung (Ziffer IV.2).<\/li>\n<li>Zahlungen sind innerhalb von 30 Tagen ab Rechnungsdatum ohne Abzug auf unser Konto zu leisten. Danach tritt ohne Mahnung Verzug ein. W\u00e4hrend des Verzugs sind wir berechtigt, den ausstehenden Betrag mit dem gesetzlichen Verzugszinssatz zu verzinsen. Uns bleibt vorbehalten, weitergehende Verzugssch\u00e4den geltend zu machen.<\/li>\n<li>Wir sind auch dann zur Verweigerung der Leistung nach \u00a7 321 BGB berechtigt, wenn sich die Verm\u00f6gensverh\u00e4ltnisse des Kunden schon vor Vertragsschluss wesentlich verschlechtern und wir dies trotz sorgf\u00e4ltiger Pr\u00fcfung erst nach Vertragsschluss erkennen.<\/li>\n<li>Das Recht, Zahlungen zur\u00fcckzuhalten oder mit Gegenanspr\u00fcchen aufzurechnen, steht dem Kunden nur insoweit zu, als seine Gegenanspr\u00fcche rechtskr\u00e4ftig festgestellt, unbestritten oder von uns anerkannt sind. Ein Zur\u00fcckbehaltungsrecht kann der Kunde nur aus\u00fcben, wenn und soweit sein Gegenanspruch auf demselben Vertragsverh\u00e4ltnis beruht. Etwaige M\u00e4ngelrechte nach Ziffer VIII. bleiben hiervon unber\u00fchrt.<\/li>\n<\/ol>\n<p><strong>VII.\u00a0\u00a0\u00a0 Eigentum, Vertraulichkeit, Eigentumsvorbehalt <\/strong><\/p>\n<ol>\n<li>Kataloge, Produktbeschreibungen und -Informationen, Montage- und Bedienungsanleitungen sowie Angebotsschreiben \u2013 alles auch in elektronischer Form \u2013 bleiben auch nach \u00dcbergabe \/ \u00dcbersendung unser geistiges Eigentum, bzw. das unserer Partnerfirmen. Der Kunde bedarf unserer vorherigen schriftlichen Einwilligung zum Setzen von Links auf unser Internetangebot, oder zu einer sonstigen Nutzung dieses f\u00fcr eigene Zwecke sowie zur Weitergabe \/ Weitersendung von uns als vertraulich bezeichneter Informationen \/ Dokumente.<\/li>\n<li>Ist in dem Liefergegenstand ein Computerprogramm im Sinn von \u00a7 69a Urheberrechtsgesetz (UrhG) enthalten, ist der Kunde berechtigt, dieses ausschlie\u00dflich f\u00fcr diesen Liefergegenstand zu verwenden. Eine Nutzung f\u00fcr einen weiteren oder einen anderen Gegenstand ist untersagt. Nur im Rahmen der 69a ff UrhG ist der Kunde berechtigt, das Programm zu vervielf\u00e4ltigen, zu bearbeiten, zu \u00fcbersetzen und sonst urheberrechtsrelevante Handlungen vorzunehmen. Alle sonstigen Rechte an dem Programm und seiner Dokumentation sowie eventuell mitgelieferten Kopien verbleiben bei uns bzw. dem Programmlieferanten.<\/li>\n<li>Bis zur vollst\u00e4ndigen Erf\u00fcllung unserer gegenw\u00e4rtigen und k\u00fcnftigen Forderungen aus einem Liefervertrag oder einer laufenden Gesch\u00e4ftsbeziehung mit dem Kunden bleiben wir Eigent\u00fcmer s\u00e4mtlicher Liefergegenst\u00e4nde.<\/li>\n<li>Bei vertragswidrigem Verhalten des Kunden, insbesondere bei Zahlungsverzug, sind wir berechtigt, nach den gesetzlichen Vorschriften vom Vertrag zur\u00fcckzutreten und die Liefergegenst\u00e4nde heraus zu verlangen oder die Abtretung etwaiger Anspr\u00fcche des Kunden gegen Dritte zu verlangen. Nach R\u00fccknahme der Liefergegenst\u00e4nde sind wir zu deren Verwertung befugt. Der Verwertungserl\u00f6s wird auf die Verbindlichkeiten des Kunden, abz\u00fcglich angemessener Verwertungskosten angerechnet.<\/li>\n<\/ol>\n<p><strong>VIII.\u00a0\u00a0 Beschaffenheit, M\u00e4ngelrechte<\/strong><\/p>\n<ol>\n<li>Aufgrund technischer Gegebenheiten k\u00f6nnen Liefergegenst\u00e4nde geringf\u00fcgig von deren Beschreibungen \/ Darstellungen in Katalogen und anderen Unterlagen (auch in elektronischer Form), zum Beispiel in der Farbe und in den Ma\u00dfen abweichen. Qualit\u00e4tsverbesserungen sind uns vorbehalten.<\/li>\n<li>Der Kunde hat die Liefergegenst\u00e4nde unverz\u00fcglich nach Erhalt sorgf\u00e4ltig zu untersuchen. Offensichtliche Mengenunterschiede, Besch\u00e4digungen und Fehler hat er binnen 7 Arbeitstagen nach Erhalt, nicht offensichtliche binnen 7 Arbeitstagen nach Entdeckung schriftlich anzuzeigen (Ausschlussfrist). Zur Fristwahrung gen\u00fcgt die rechtzeitige Absendung der Anzeige.<\/li>\n<li>Liegt ein Mangel vor (der Liefergegenstand entspricht im Zeitpunkt des Gefahr\u00fcberganges [Ziffer V.] nicht den Anforderungen des \u00a7 434 BGB [sach- und rechtsm\u00e4ngelfreie Beschaffenheit]), k\u00f6nnen wir die Nacherf\u00fcllung nach unserer Wahl durch Beseitigung des Mangels (Nachbesserung) oder durch Lieferung eines mangelfreien Gegenstandes (Ersatzlieferung) vornehmen.<\/li>\n<li>Der Kunde hat uns die zur Nacherf\u00fcllung erforderliche Zeit und Gelegenheit zu geben, insbesondere den beanstandeten Liefergegenstand zu Pr\u00fcfzwecken zu \u00fcberlassen. Stellt sich das Mangelbeseitigungsverlangen als unberechtigt heraus, k\u00f6nnen wir vom Kunden Erstattung der hieraus entstandenen Kosten verlangen.<\/li>\n<li>Wir sind berechtigt, die Nacherf\u00fcllung davon abh\u00e4ngig zu machen, dass der Kunde den Preis des Liefergegenstandes bezahlt. Er ist berechtigt, einen im Verh\u00e4ltnis zum angezeigten Mangel angemessenen Teil des Preises zur\u00fcckzubehalten.<\/li>\n<li>Ist die Nacherf\u00fcllung fehlgeschlagen oder hat sie sich \u00fcber eine angemessene Zeit hinaus verz\u00f6gert oder kann sie nach den gesetzlichen Vorschriften von uns verweigert werden, ist Kaufpreisminderung und bei einem nicht unerheblichen Mangel alternativ der R\u00fccktritt vom Liefervertrag m\u00f6glich.<\/li>\n<li>Wir \u00fcbernehmen keine Garantien und haften nicht f\u00fcr \u00f6ffentliche \u00c4u\u00dferungen Dritter. Die in dieser Ziffer VIII. und in Ziffer IX. enthaltenen Regelungen zu M\u00e4ngeln sind abschlie\u00dfend.<\/li>\n<\/ol>\n<p><strong>IX. \u00a0\u00a0 Sonstige Haftung<\/strong><\/p>\n<ol>\n<li>Bei Vorsatz und grober Fahrl\u00e4ssigkeit \u2013 gleich aus welchem Rechtsgrund \u2013 haften wir auf Schadensersatz.<\/li>\n<li>Bei einfacher Fahrl\u00e4ssigkeit haften wir nur bei Verletzung einer wesentlichen Vertragspflicht, beschr\u00e4nkt auf den Ersatz des vorhersehbaren, typischerweise eintretenden Schadens. Eine wesentliche Vertragspflicht ist eine Verpflichtung, deren Erf\u00fcllung das Erreichen des mit Abschluss des Vertrages verfolgten Zwecks erst erm\u00f6glicht und auf deren Erf\u00fcllung der Kunde regelm\u00e4\u00dfig vertrauen darf.<\/li>\n<li>\u00a0\u00a0\u00a0\u00a0 Die Haftungsbeschr\u00e4nkung nach Ziffer 2 gilt nicht f\u00fcr Sch\u00e4den aus der Verletzung des Lebens, des K\u00f6rpers oder der Gesundheit. Des Weiteren gilt sie nicht bei arglistigem Verschweigen oder bei einer von uns ausnahmsweise \u00fcbernommenen Garantie f\u00fcr die Beschaffenheit des Liefergegenstandes oder soweit der Kunde Anspr\u00fcche nach dem Produkthaftungsgesetz hat.<\/li>\n<li>Soweit unsere Haftung ausgeschlossen oder beschr\u00e4nkt ist, gilt dies auch f\u00fcr pers\u00f6nliche Haftung unserer Mitarbeiter, Vertreter und Erf\u00fcllungsgehilfen.<\/li>\n<\/ol>\n<p><strong>X. \u00a0\u00a0 Verj\u00e4hrung<\/strong><\/p>\n<ol>\n<li>Sofern nicht andere Verabredungen schriftlich getroffen wurden, verj\u00e4hren die Anspr\u00fcche wegen M\u00e4ngeln (Ziffer XIII.3) 18 Monate ab dem mitgeteilten Datum der Versandbereitschaft, sp\u00e4testens aber 12 Monate nach Inbetriebnahme des Liefergegenstandes. F\u00fcr Anspr\u00fcche nach Ziffer IX. gelten die gesetzlichen Verj\u00e4hrungsfristen.<\/li>\n<\/ol>\n<p><strong>XI. \u00a0\u00a0 Weiterverkauf<\/strong><\/p>\n<ol>\n<li>Ein gewerblicher Weiterverkauf von Liefergegenst\u00e4nden bedarf unserer vorherigen schriftlichen Einwilligung.<\/li>\n<\/ol>\n<p><strong>XII.\u00a0\u00a0\u00a0 Anwendbares Recht, Gerichtsstand<\/strong><\/p>\n<ol>\n<li>Diese AGB und alle Rechtsbeziehungen zwischen uns und dem Kunden unterliegen ausschlie\u00dflich dem Recht der Bundesrepublik Deutschland unter Ausschluss aller internationalen und supranationalen (Vertrags-) Rechtsordnungen, insbesondere des UN-Kaufrechts.<\/li>\n<li>Ausschlie\u00dflich zust\u00e4ndig f\u00fcr alle sich aus dem Vertragsverh\u00e4ltnis unmittelbar oder mittelbar ergebenden Streitigkeiten sind die f\u00fcr unseren Gesch\u00e4ftssitz Berlin zust\u00e4ndigen Gerichte. Wir sind jedoch berechtigt, unsere Anspr\u00fcche gegen den Kunden auch am allgemeinen Gerichtsstand des Kunden geltend zu machen.<\/li>\n<\/ol>\n<\/div><div class=\"fusion-clearfix\"><\/div><\/div><\/div><\/div><\/div>\n","protected":false},"excerpt":{"rendered":"","protected":false},"author":1,"featured_media":0,"parent":0,"menu_order":0,"comment_status":"closed","ping_status":"closed","template":"100-width.php","meta":{"_mi_skip_tracking":false,"_monsterinsights_sitenote_active":false,"_monsterinsights_sitenote_note":"","_monsterinsights_sitenote_category":0},"yoast_head":"<!-- This site is optimized with the Yoast SEO plugin v20.2.1 - https:\/\/yoast.com\/wordpress\/plugins\/seo\/ -->\n<title>AGB - Abacus Analytical Systems<\/title>\n<meta name=\"robots\" content=\"index, follow, max-snippet:-1, max-image-preview:large, max-video-preview:-1\" \/>\n<link rel=\"canonical\" href=\"https:\/\/abacus-lab.de\/de\/terms\/\" \/>\n<meta property=\"og:locale\" content=\"de_DE\" \/>\n<meta property=\"og:type\" content=\"article\" \/>\n<meta property=\"og:title\" content=\"AGB - Abacus Analytical Systems\" \/>\n<meta property=\"og:url\" content=\"https:\/\/abacus-lab.de\/de\/terms\/\" \/>\n<meta property=\"og:site_name\" content=\"Abacus Analytical Systems\" \/>\n<meta property=\"article:modified_time\" content=\"2020-08-18T13:27:04+00:00\" \/>\n<meta name=\"twitter:card\" content=\"summary_large_image\" \/>\n<meta name=\"twitter:label1\" content=\"Gesch\u00e4tzte Lesezeit\" \/>\n\t<meta name=\"twitter:data1\" content=\"9\u00a0Minuten\" \/>\n<script type=\"application\/ld+json\" class=\"yoast-schema-graph\">{\"@context\":\"https:\/\/schema.org\",\"@graph\":[{\"@type\":\"WebPage\",\"@id\":\"https:\/\/abacus-lab.de\/de\/terms\/\",\"url\":\"https:\/\/abacus-lab.de\/de\/terms\/\",\"name\":\"AGB - Abacus Analytical Systems\",\"isPartOf\":{\"@id\":\"https:\/\/abacus-lab.de\/de\/#website\"},\"datePublished\":\"2018-07-23T14:13:24+00:00\",\"dateModified\":\"2020-08-18T13:27:04+00:00\",\"breadcrumb\":{\"@id\":\"https:\/\/abacus-lab.de\/de\/terms\/#breadcrumb\"},\"inLanguage\":\"de\",\"potentialAction\":[{\"@type\":\"ReadAction\",\"target\":[\"https:\/\/abacus-lab.de\/de\/terms\/\"]}]},{\"@type\":\"BreadcrumbList\",\"@id\":\"https:\/\/abacus-lab.de\/de\/terms\/#breadcrumb\",\"itemListElement\":[{\"@type\":\"ListItem\",\"position\":1,\"name\":\"Startseite\",\"item\":\"https:\/\/abacus-lab.de\/de\/\"},{\"@type\":\"ListItem\",\"position\":2,\"name\":\"AGB\"}]},{\"@type\":\"WebSite\",\"@id\":\"https:\/\/abacus-lab.de\/de\/#website\",\"url\":\"https:\/\/abacus-lab.de\/de\/\",\"name\":\"Abacus Analytical Systems\",\"description\":\"Analytical Chemistry | Biotechnology | Bioscience\",\"potentialAction\":[{\"@type\":\"SearchAction\",\"target\":{\"@type\":\"EntryPoint\",\"urlTemplate\":\"https:\/\/abacus-lab.de\/de\/?s={search_term_string}\"},\"query-input\":\"required name=search_term_string\"}],\"inLanguage\":\"de\"}]}<\/script>\n<!-- \/ Yoast SEO plugin. -->","yoast_head_json":{"title":"AGB - Abacus Analytical Systems","robots":{"index":"index","follow":"follow","max-snippet":"max-snippet:-1","max-image-preview":"max-image-preview:large","max-video-preview":"max-video-preview:-1"},"canonical":"https:\/\/abacus-lab.de\/de\/terms\/","og_locale":"de_DE","og_type":"article","og_title":"AGB - Abacus Analytical Systems","og_url":"https:\/\/abacus-lab.de\/de\/terms\/","og_site_name":"Abacus Analytical Systems","article_modified_time":"2020-08-18T13:27:04+00:00","twitter_card":"summary_large_image","twitter_misc":{"Gesch\u00e4tzte Lesezeit":"9\u00a0Minuten"},"schema":{"@context":"https:\/\/schema.org","@graph":[{"@type":"WebPage","@id":"https:\/\/abacus-lab.de\/de\/terms\/","url":"https:\/\/abacus-lab.de\/de\/terms\/","name":"AGB - Abacus Analytical Systems","isPartOf":{"@id":"https:\/\/abacus-lab.de\/de\/#website"},"datePublished":"2018-07-23T14:13:24+00:00","dateModified":"2020-08-18T13:27:04+00:00","breadcrumb":{"@id":"https:\/\/abacus-lab.de\/de\/terms\/#breadcrumb"},"inLanguage":"de","potentialAction":[{"@type":"ReadAction","target":["https:\/\/abacus-lab.de\/de\/terms\/"]}]},{"@type":"BreadcrumbList","@id":"https:\/\/abacus-lab.de\/de\/terms\/#breadcrumb","itemListElement":[{"@type":"ListItem","position":1,"name":"Startseite","item":"https:\/\/abacus-lab.de\/de\/"},{"@type":"ListItem","position":2,"name":"AGB"}]},{"@type":"WebSite","@id":"https:\/\/abacus-lab.de\/de\/#website","url":"https:\/\/abacus-lab.de\/de\/","name":"Abacus Analytical Systems","description":"Analytical Chemistry | Biotechnology | Bioscience","potentialAction":[{"@type":"SearchAction","target":{"@type":"EntryPoint","urlTemplate":"https:\/\/abacus-lab.de\/de\/?s={search_term_string}"},"query-input":"required name=search_term_string"}],"inLanguage":"de"}]}},"_links":{"self":[{"href":"https:\/\/abacus-lab.de\/de\/wp-json\/wp\/v2\/pages\/189"}],"collection":[{"href":"https:\/\/abacus-lab.de\/de\/wp-json\/wp\/v2\/pages"}],"about":[{"href":"https:\/\/abacus-lab.de\/de\/wp-json\/wp\/v2\/types\/page"}],"author":[{"embeddable":true,"href":"https:\/\/abacus-lab.de\/de\/wp-json\/wp\/v2\/users\/1"}],"replies":[{"embeddable":true,"href":"https:\/\/abacus-lab.de\/de\/wp-json\/wp\/v2\/comments?post=189"}],"version-history":[{"count":5,"href":"https:\/\/abacus-lab.de\/de\/wp-json\/wp\/v2\/pages\/189\/revisions"}],"predecessor-version":[{"id":11075,"href":"https:\/\/abacus-lab.de\/de\/wp-json\/wp\/v2\/pages\/189\/revisions\/11075"}],"wp:attachment":[{"href":"https:\/\/abacus-lab.de\/de\/wp-json\/wp\/v2\/media?parent=189"}],"curies":[{"name":"wp","href":"https:\/\/api.w.org\/{rel}","templated":true}]}}