{"id":4966,"date":"2018-07-23T16:24:44","date_gmt":"2018-07-23T14:24:44","guid":{"rendered":"https:\/\/abacus-lab.com\/contact\/"},"modified":"2020-07-28T12:12:26","modified_gmt":"2020-07-28T10:12:26","slug":"contact","status":"publish","type":"page","link":"https:\/\/abacus-lab.de\/de\/contact\/","title":{"rendered":"Kontakt &#038; Anfrage"},"content":{"rendered":"<div class=\"fusion-fullwidth fullwidth-box fusion-builder-row-1 fusion-parallax-none nonhundred-percent-fullwidth non-hundred-percent-height-scrolling\" style=\"--awb-border-radius-top-left:0px;--awb-border-radius-top-right:0px;--awb-border-radius-bottom-right:0px;--awb-border-radius-bottom-left:0px;--awb-padding-top:80px;--awb-padding-bottom:80px;--awb-background-color:#e5e5e5;--awb-background-image:url(&quot;https:\/\/abacus-lab.com\/wp-content\/uploads\/2018\/07\/BG_15.jpg&quot;);--awb-background-size:cover;\" ><div class=\"fusion-builder-row fusion-row\"><div class=\"fusion-layout-column fusion_builder_column fusion-builder-column-0 fusion_builder_column_1_1 1_1 fusion-one-full fusion-column-first fusion-column-last\" style=\"--awb-bg-size:cover;\"><div class=\"fusion-column-wrapper fusion-flex-column-wrapper-legacy\"><div class=\"fusion-title title fusion-title-1 fusion-sep-none fusion-title-center fusion-title-text fusion-title-size-one\" style=\"--awb-margin-top:50px;\"><h1 class=\"title-heading-center fusion-responsive-typography-calculated\" style=\"margin:0;--fontSize:35;line-height:1.4;\">Kontakt &amp; Anfrage<\/h1><\/div><div class=\"fusion-section-separator section-separator triangle fusion-section-separator-1\" style=\"--awb-border-bottom:1px solid #eba931;--awb-spacer-height:1px;--awb-svg-margin-left:0;--awb-svg-margin-right:0;--awb-icon-color:#ffffff;\"><div class=\"fusion-section-separator-svg\"><div class=\"divider-candy-arrow bottom\" style=\"top:0px;border-top-color: #eba931;\"><\/div><div class=\"divider-candy bottom\" style=\"bottom:-21px;border-bottom:1px solid #eba931;border-left:1px solid #eba931;\"><\/div><\/div><div class=\"fusion-section-separator-spacer\"><div class=\"fusion-section-separator-spacer-height\"><\/div><\/div><\/div><div class=\"fusion-clearfix\"><\/div><\/div><\/div><\/div><\/div><div class=\"fusion-fullwidth fullwidth-box fusion-builder-row-2 nonhundred-percent-fullwidth non-hundred-percent-height-scrolling\" style=\"--awb-border-radius-top-left:0px;--awb-border-radius-top-right:0px;--awb-border-radius-bottom-right:0px;--awb-border-radius-bottom-left:0px;\" ><div class=\"fusion-builder-row fusion-row\"><div class=\"fusion-layout-column fusion_builder_column fusion-builder-column-1 fusion_builder_column_1_1 1_1 fusion-one-full fusion-column-first fusion-column-last\" style=\"--awb-bg-size:cover;--awb-margin-top:50px;\"><div class=\"fusion-column-wrapper fusion-flex-column-wrapper-legacy\"><div class=\"fusion-text fusion-text-1\"><p style=\"text-align: center;\">Gerne beantworten wir Ihre Fragen zu unseren Produkten, senden Ihnen umfangreiches Informationsmaterial zu oder erstellen Ihnen ein exklusives Angebot.<span id=\"result_box\" class=\"\" lang=\"en\"><\/span><\/p>\n<\/div><div class=\"fusion-text fusion-text-2\"><div class=\"wpforms-container wpforms-container-full\" id=\"wpforms-4947\"><form id=\"wpforms-form-4947\" class=\"wpforms-validate wpforms-form\" data-formid=\"4947\" method=\"post\" enctype=\"multipart\/form-data\" action=\"\/de\/wp-json\/wp\/v2\/pages\/4966\" data-token=\"8b1eacb036bc17eebbcb5d2da23cacdf\"><noscript class=\"wpforms-error-noscript\">Bitte aktiviere JavaScript in deinem Browser, um dieses Formular fertigzustellen.<\/noscript><div class=\"wpforms-field-container\"><div id=\"wpforms-4947-field_1-container\" class=\"wpforms-field wpforms-field-name\" data-field-id=\"1\"><label class=\"wpforms-field-label\" for=\"wpforms-4947-field_1\">Name <span class=\"wpforms-required-label\">*<\/span><\/label><div class=\"wpforms-field-row wpforms-field-medium\"><div class=\"wpforms-field-row-block wpforms-first wpforms-one-half\"><input type=\"text\" id=\"wpforms-4947-field_1\" class=\"wpforms-field-name-first wpforms-field-required\" name=\"wpforms[fields][1][first]\" placeholder=\"Vorname\" required><label for=\"wpforms-4947-field_1\" class=\"wpforms-field-sublabel after wpforms-sublabel-hide\">Vorname<\/label><\/div><div class=\"wpforms-field-row-block wpforms-one-half\"><input type=\"text\" id=\"wpforms-4947-field_1-last\" class=\"wpforms-field-name-last wpforms-field-required\" name=\"wpforms[fields][1][last]\" placeholder=\"Nachname\" required><label for=\"wpforms-4947-field_1-last\" class=\"wpforms-field-sublabel after wpforms-sublabel-hide\">Nachname<\/label><\/div><\/div><\/div><div id=\"wpforms-4947-field_11-container\" class=\"wpforms-field wpforms-field-email\" data-field-id=\"11\"><label class=\"wpforms-field-label\" for=\"wpforms-4947-field_11\">Email <span class=\"wpforms-required-label\">*<\/span><\/label><input type=\"email\" id=\"wpforms-4947-field_11\" class=\"wpforms-field-medium wpforms-field-required\" name=\"wpforms[fields][11]\" spellcheck=\"false\" required><\/div><div id=\"wpforms-4947-field_8-container\" class=\"wpforms-field wpforms-field-text\" data-field-id=\"8\"><label class=\"wpforms-field-label\" for=\"wpforms-4947-field_8\">Unternehmen: <span class=\"wpforms-required-label\">*<\/span><\/label><input type=\"text\" id=\"wpforms-4947-field_8\" class=\"wpforms-field-small wpforms-field-required\" name=\"wpforms[fields][8]\" required><\/div><div id=\"wpforms-4947-field_3-container\" class=\"wpforms-field wpforms-field-text\" data-field-id=\"3\"><label class=\"wpforms-field-label\" for=\"wpforms-4947-field_3\">Stadt: <span class=\"wpforms-required-label\">*<\/span><\/label><input type=\"text\" id=\"wpforms-4947-field_3\" class=\"wpforms-field-small wpforms-field-required\" name=\"wpforms[fields][3]\" required><\/div><div id=\"wpforms-4947-field_2-container\" class=\"wpforms-field wpforms-field-text\" data-field-id=\"2\"><label class=\"wpforms-field-label\" for=\"wpforms-4947-field_2\">Land: <span class=\"wpforms-required-label\">*<\/span><\/label><input type=\"text\" id=\"wpforms-4947-field_2\" class=\"wpforms-field-small wpforms-field-required\" name=\"wpforms[fields][2]\" required><\/div><div id=\"wpforms-4947-field_12-container\" class=\"wpforms-field wpforms-field-select wpforms-field-select-style-modern\" data-field-id=\"12\"><label class=\"wpforms-field-label\" for=\"wpforms-4947-field_12\">Bitte w\u00e4hlen Sie ein Produkt aus: <span class=\"wpforms-required-label\">*<\/span><\/label><select id=\"wpforms-4947-field_12\" class=\"wpforms-field-medium wpforms-field-required choicesjs-select\" data-size-class=\"wpforms-field-row wpforms-field-medium\" data-search-enabled=\"\" name=\"wpforms[fields][12][]\" required=\"required\" multiple=\"multiple\"><option value=\"\" class=\"placeholder\" disabled >Bitte w\u00e4hlen Sie ein Produkt<\/option><option value=\"Progeny\" >Progeny<\/option><option value=\"FlashDep Trial Kit\" >FlashDep Trial Kit<\/option><option value=\"TEA 4000\" >TEA 4000<\/option><option value=\"EloFerm\" >EloFerm<\/option><option value=\"EloTrace\" >EloTrace<\/option><option value=\"EloCheck\" >EloCheck<\/option><option value=\"Sonstige Kontaktaufnahme\" >Sonstige Kontaktaufnahme<\/option><\/select><\/div><div id=\"wpforms-4947-field_10-container\" class=\"wpforms-field wpforms-field-checkbox\" data-field-id=\"10\"><label class=\"wpforms-field-label\" for=\"wpforms-4947-field_10\">Ich interessiere mich f\u00fcr: <span class=\"wpforms-required-label\">*<\/span><\/label><ul id=\"wpforms-4947-field_10\" class=\"wpforms-field-required\"><li class=\"choice-1 depth-1\"><input type=\"checkbox\" id=\"wpforms-4947-field_10_1\" name=\"wpforms[fields][10][]\" value=\"Informationsmaterial\" required ><label class=\"wpforms-field-label-inline\" for=\"wpforms-4947-field_10_1\">Informationsmaterial<\/label><\/li><li class=\"choice-2 depth-1\"><input type=\"checkbox\" id=\"wpforms-4947-field_10_2\" name=\"wpforms[fields][10][]\" value=\"Ger\u00e4tedemonstration\" required ><label class=\"wpforms-field-label-inline\" for=\"wpforms-4947-field_10_2\">Ger\u00e4tedemonstration<\/label><\/li><li class=\"choice-3 depth-1\"><input type=\"checkbox\" id=\"wpforms-4947-field_10_3\" name=\"wpforms[fields][10][]\" value=\"Angebot\" required ><label class=\"wpforms-field-label-inline\" for=\"wpforms-4947-field_10_3\">Angebot<\/label><\/li><li class=\"choice-4 depth-1\"><input type=\"checkbox\" id=\"wpforms-4947-field_10_4\" name=\"wpforms[fields][10][]\" value=\"Service\" required ><label class=\"wpforms-field-label-inline\" for=\"wpforms-4947-field_10_4\">Service<\/label><\/li><li class=\"choice-5 depth-1\"><input type=\"checkbox\" id=\"wpforms-4947-field_10_5\" name=\"wpforms[fields][10][]\" value=\"anderes\" required ><label class=\"wpforms-field-label-inline\" for=\"wpforms-4947-field_10_5\">anderes<\/label><\/li><\/ul><\/div><div id=\"wpforms-4947-field_6-container\" class=\"wpforms-field wpforms-field-textarea\" data-field-id=\"6\"><label class=\"wpforms-field-label\" for=\"wpforms-4947-field_6\">Sonstige Anfrage:<\/label><textarea id=\"wpforms-4947-field_6\" class=\"wpforms-field-medium\" name=\"wpforms[fields][6]\" ><\/textarea><\/div><div id=\"wpforms-4947-field_5-container\" class=\"wpforms-field wpforms-field-gdpr-checkbox\" data-field-id=\"5\"><label class=\"wpforms-field-label\" for=\"wpforms-4947-field_5\">Ich stimme der Datenschutzerkl\u00e4rung zu <span class=\"wpforms-required-label\">*<\/span><\/label><ul id=\"wpforms-4947-field_5\" class=\"wpforms-field-required\"><li class=\"choice-1\"><input type=\"checkbox\" id=\"wpforms-4947-field_5_1\" name=\"wpforms[fields][5][]\" value=\"Ich bin damit einverstanden, dass die in diesem Formular von mir \u00fcbermittelten Daten f\u00fcr die Bearbeitung meiner Anfrage elektronisch gespeichert werden.   Sie k\u00f6nnen Ihre Zustimmung jederzeit per E-Mail an privacy@abacus.com widerrufen.\" required ><label class=\"wpforms-field-label-inline\" for=\"wpforms-4947-field_5_1\">Ich bin damit einverstanden, dass die in diesem Formular von mir \u00fcbermittelten Daten f\u00fcr die Bearbeitung meiner Anfrage elektronisch gespeichert werden.   Sie k\u00f6nnen Ihre Zustimmung jederzeit per E-Mail an privacy@abacus.com widerrufen.<\/label><\/li><\/ul><\/div><\/div><!-- .wpforms-field-container --><div class=\"wpforms-field wpforms-field-hp\"><label for=\"wpforms-4947-field-hp\" class=\"wpforms-field-label\">Website<\/label><input type=\"text\" name=\"wpforms[hp]\" id=\"wpforms-4947-field-hp\" class=\"wpforms-field-medium\"><\/div><div class=\"wpforms-recaptcha-container wpforms-is-recaptcha\" ><div class=\"g-recaptcha\" data-sitekey=\"6LdCgiYkAAAAAD_dU_K8FOfOCMUjdHJpR4FWi-zB\"><\/div><input type=\"text\" name=\"g-recaptcha-hidden\" class=\"wpforms-recaptcha-hidden\" style=\"position:absolute!important;clip:rect(0,0,0,0)!important;height:1px!important;width:1px!important;border:0!important;overflow:hidden!important;padding:0!important;margin:0!important;\" data-rule-recaptcha=\"1\"><\/div><div class=\"wpforms-submit-container\" ><input type=\"hidden\" name=\"wpforms[id]\" value=\"4947\"><input type=\"hidden\" name=\"wpforms[author]\" value=\"1\"><button type=\"submit\" name=\"wpforms[submit]\" id=\"wpforms-submit-4947\" class=\"wpforms-submit\" aria-live=\"assertive\" value=\"wpforms-submit\">Abschicken<\/button><\/div><\/form><\/div>  <!-- .wpforms-container -->\n<\/div><div class=\"fusion-clearfix\"><\/div><\/div><\/div><\/div><\/div>\n","protected":false},"excerpt":{"rendered":"","protected":false},"author":1,"featured_media":0,"parent":0,"menu_order":0,"comment_status":"closed","ping_status":"closed","template":"100-width.php","meta":{"_mi_skip_tracking":false,"_monsterinsights_sitenote_active":false,"_monsterinsights_sitenote_note":"","_monsterinsights_sitenote_category":0},"yoast_head":"<!-- This site is optimized with the Yoast SEO plugin v20.2.1 - https:\/\/yoast.com\/wordpress\/plugins\/seo\/ -->\n<title>Kontakt &amp; Anfrage - Abacus Analytical Systems<\/title>\n<meta name=\"robots\" content=\"index, follow, max-snippet:-1, max-image-preview:large, max-video-preview:-1\" \/>\n<link rel=\"canonical\" href=\"https:\/\/abacus-lab.de\/de\/contact\/\" \/>\n<meta property=\"og:locale\" content=\"de_DE\" \/>\n<meta property=\"og:type\" content=\"article\" \/>\n<meta property=\"og:title\" content=\"Kontakt &amp; Anfrage - Abacus Analytical Systems\" \/>\n<meta property=\"og:url\" content=\"https:\/\/abacus-lab.de\/de\/contact\/\" \/>\n<meta property=\"og:site_name\" content=\"Abacus Analytical Systems\" \/>\n<meta property=\"article:modified_time\" content=\"2020-07-28T10:12:26+00:00\" \/>\n<meta name=\"twitter:card\" content=\"summary_large_image\" \/>\n<meta name=\"twitter:label1\" content=\"Gesch\u00e4tzte Lesezeit\" \/>\n\t<meta name=\"twitter:data1\" content=\"2\u00a0Minuten\" \/>\n<script type=\"application\/ld+json\" class=\"yoast-schema-graph\">{\"@context\":\"https:\/\/schema.org\",\"@graph\":[{\"@type\":\"WebPage\",\"@id\":\"https:\/\/abacus-lab.de\/de\/contact\/\",\"url\":\"https:\/\/abacus-lab.de\/de\/contact\/\",\"name\":\"Kontakt & Anfrage - Abacus Analytical Systems\",\"isPartOf\":{\"@id\":\"https:\/\/abacus-lab.de\/de\/#website\"},\"datePublished\":\"2018-07-23T14:24:44+00:00\",\"dateModified\":\"2020-07-28T10:12:26+00:00\",\"breadcrumb\":{\"@id\":\"https:\/\/abacus-lab.de\/de\/contact\/#breadcrumb\"},\"inLanguage\":\"de\",\"potentialAction\":[{\"@type\":\"ReadAction\",\"target\":[\"https:\/\/abacus-lab.de\/de\/contact\/\"]}]},{\"@type\":\"BreadcrumbList\",\"@id\":\"https:\/\/abacus-lab.de\/de\/contact\/#breadcrumb\",\"itemListElement\":[{\"@type\":\"ListItem\",\"position\":1,\"name\":\"Startseite\",\"item\":\"https:\/\/abacus-lab.de\/de\/\"},{\"@type\":\"ListItem\",\"position\":2,\"name\":\"Kontakt &#038; Anfrage\"}]},{\"@type\":\"WebSite\",\"@id\":\"https:\/\/abacus-lab.de\/de\/#website\",\"url\":\"https:\/\/abacus-lab.de\/de\/\",\"name\":\"Abacus Analytical Systems\",\"description\":\"Analytical Chemistry | Biotechnology | Bioscience\",\"potentialAction\":[{\"@type\":\"SearchAction\",\"target\":{\"@type\":\"EntryPoint\",\"urlTemplate\":\"https:\/\/abacus-lab.de\/de\/?s={search_term_string}\"},\"query-input\":\"required name=search_term_string\"}],\"inLanguage\":\"de\"}]}<\/script>\n<!-- \/ Yoast SEO plugin. -->","yoast_head_json":{"title":"Kontakt & Anfrage - Abacus Analytical Systems","robots":{"index":"index","follow":"follow","max-snippet":"max-snippet:-1","max-image-preview":"max-image-preview:large","max-video-preview":"max-video-preview:-1"},"canonical":"https:\/\/abacus-lab.de\/de\/contact\/","og_locale":"de_DE","og_type":"article","og_title":"Kontakt & Anfrage - Abacus Analytical Systems","og_url":"https:\/\/abacus-lab.de\/de\/contact\/","og_site_name":"Abacus Analytical Systems","article_modified_time":"2020-07-28T10:12:26+00:00","twitter_card":"summary_large_image","twitter_misc":{"Gesch\u00e4tzte Lesezeit":"2\u00a0Minuten"},"schema":{"@context":"https:\/\/schema.org","@graph":[{"@type":"WebPage","@id":"https:\/\/abacus-lab.de\/de\/contact\/","url":"https:\/\/abacus-lab.de\/de\/contact\/","name":"Kontakt & Anfrage - Abacus Analytical Systems","isPartOf":{"@id":"https:\/\/abacus-lab.de\/de\/#website"},"datePublished":"2018-07-23T14:24:44+00:00","dateModified":"2020-07-28T10:12:26+00:00","breadcrumb":{"@id":"https:\/\/abacus-lab.de\/de\/contact\/#breadcrumb"},"inLanguage":"de","potentialAction":[{"@type":"ReadAction","target":["https:\/\/abacus-lab.de\/de\/contact\/"]}]},{"@type":"BreadcrumbList","@id":"https:\/\/abacus-lab.de\/de\/contact\/#breadcrumb","itemListElement":[{"@type":"ListItem","position":1,"name":"Startseite","item":"https:\/\/abacus-lab.de\/de\/"},{"@type":"ListItem","position":2,"name":"Kontakt &#038; Anfrage"}]},{"@type":"WebSite","@id":"https:\/\/abacus-lab.de\/de\/#website","url":"https:\/\/abacus-lab.de\/de\/","name":"Abacus Analytical Systems","description":"Analytical Chemistry | Biotechnology | Bioscience","potentialAction":[{"@type":"SearchAction","target":{"@type":"EntryPoint","urlTemplate":"https:\/\/abacus-lab.de\/de\/?s={search_term_string}"},"query-input":"required name=search_term_string"}],"inLanguage":"de"}]}},"_links":{"self":[{"href":"https:\/\/abacus-lab.de\/de\/wp-json\/wp\/v2\/pages\/4966"}],"collection":[{"href":"https:\/\/abacus-lab.de\/de\/wp-json\/wp\/v2\/pages"}],"about":[{"href":"https:\/\/abacus-lab.de\/de\/wp-json\/wp\/v2\/types\/page"}],"author":[{"embeddable":true,"href":"https:\/\/abacus-lab.de\/de\/wp-json\/wp\/v2\/users\/1"}],"replies":[{"embeddable":true,"href":"https:\/\/abacus-lab.de\/de\/wp-json\/wp\/v2\/comments?post=4966"}],"version-history":[{"count":5,"href":"https:\/\/abacus-lab.de\/de\/wp-json\/wp\/v2\/pages\/4966\/revisions"}],"predecessor-version":[{"id":10306,"href":"https:\/\/abacus-lab.de\/de\/wp-json\/wp\/v2\/pages\/4966\/revisions\/10306"}],"wp:attachment":[{"href":"https:\/\/abacus-lab.de\/de\/wp-json\/wp\/v2\/media?parent=4966"}],"curies":[{"name":"wp","href":"https:\/\/api.w.org\/{rel}","templated":true}]}}