{"id":7356,"date":"2018-11-05T15:34:58","date_gmt":"2018-11-05T14:34:58","guid":{"rendered":"https:\/\/abacus-lab.com\/products\/biotechnology\/"},"modified":"2020-08-04T11:20:25","modified_gmt":"2020-08-04T09:20:25","slug":"biotechnology","status":"publish","type":"page","link":"https:\/\/abacus-lab.de\/de\/products\/biotechnology\/","title":{"rendered":"Biotechnology"},"content":{"rendered":"<div class=\"fusion-fullwidth fullwidth-box fusion-builder-row-1 fusion-parallax-none nonhundred-percent-fullwidth non-hundred-percent-height-scrolling\" style=\"--awb-border-radius-top-left:0px;--awb-border-radius-top-right:0px;--awb-border-radius-bottom-right:0px;--awb-border-radius-bottom-left:0px;--awb-padding-top:80px;--awb-padding-bottom:80px;--awb-background-color:#e5e5e5;--awb-background-image:url(&quot;https:\/\/abacus-lab.com\/wp-content\/uploads\/2018\/07\/BG_15.jpg&quot;);--awb-background-size:cover;\" ><div class=\"fusion-builder-row fusion-row\"><div class=\"fusion-layout-column fusion_builder_column fusion-builder-column-0 fusion_builder_column_1_1 1_1 fusion-one-full fusion-column-first fusion-column-last\" style=\"--awb-bg-size:cover;\"><div class=\"fusion-column-wrapper fusion-flex-column-wrapper-legacy\"><div class=\"fusion-title title fusion-title-1 fusion-sep-none fusion-title-text fusion-title-size-one\" style=\"--awb-margin-top:50px;\"><h1 class=\"title-heading-left fusion-responsive-typography-calculated\" style=\"margin:0;--fontSize:35;line-height:1.4;\"><h1>Biotechnology<\/h1><\/h1><\/div><div class=\"fusion-section-separator section-separator triangle fusion-section-separator-1\" style=\"--awb-border-bottom:1px solid #eba931;--awb-spacer-height:1px;--awb-svg-margin-left:0;--awb-svg-margin-right:0;--awb-icon-color:#ffffff;\"><div class=\"fusion-section-separator-svg\"><div class=\"divider-candy-arrow bottom\" style=\"top:0px;border-top-color: #eba931;\"><\/div><div class=\"divider-candy bottom\" style=\"bottom:-21px;border-bottom:1px solid #eba931;border-left:1px solid #eba931;\"><\/div><\/div><div class=\"fusion-section-separator-spacer\"><div class=\"fusion-section-separator-spacer-height\"><\/div><\/div><\/div><div class=\"fusion-clearfix\"><\/div><\/div><\/div><\/div><\/div><div class=\"fusion-fullwidth fullwidth-box fusion-builder-row-2 nonhundred-percent-fullwidth non-hundred-percent-height-scrolling\" style=\"--awb-border-radius-top-left:0px;--awb-border-radius-top-right:0px;--awb-border-radius-bottom-right:0px;--awb-border-radius-bottom-left:0px;--awb-padding-top:30px;\" ><div class=\"fusion-builder-row fusion-row\"><div class=\"fusion-layout-column fusion_builder_column fusion-builder-column-1 fusion_builder_column_1_1 1_1 fusion-one-full fusion-column-first fusion-column-last\" style=\"--awb-bg-size:cover;\"><div class=\"fusion-column-wrapper fusion-flex-column-wrapper-legacy\"><div class=\"fusion-text fusion-text-1\"><p>Seit mehr als 25 Jahren ist <strong>Abacus Analytical System GmbH<\/strong> im Bereich der Biotechnologie ans\u00e4ssig. Neben gro\u00dfen Produktionsanlagen konstruiert und fertigt Abacus eine Vielzahl von Bioreaktoren f\u00fcr verschiedene Anwendungsbereiche.<br \/>\nIm Laborma\u00dfstab werden die Reaktoren in der Regel im Bereich von 0,2 bis 3 Liter dimensioniert. Neben klassischen Fermentationsparametern (u.a. Temperatur, pH-Wert, Sauerstoffgehalt, OD) k\u00f6nnen die Fermenter mit verschiedenen weiteren Sensoriken ausgestattet werden. Neben klassischen Fermentern bietet Abacus auch Einweg-Bioreaktoren bis zu einem Volumen von 200 L an.<br \/>\nSollten Sie f\u00fcr Ihren Anwendungsfall andere Dimension der Fermenter ben\u00f6tigen, haben wir daf\u00fcr eine L\u00f6sung. In einer Konzeptphase  erarbeiten wir mit Ihnen eine gemeinsame L\u00f6sung um Ihre Bed\u00fcrfnisse und W\u00fcnsche bestm\u00f6glich zu erf\u00fcllen.<\/p>\n<p>Zus\u00e4tzlich bieten wir auf Wunsch eine komplette Dokumentation (IQ, OQ, PQ) an und k\u00f6nnen bei Bedarf die Richtlinien von cGMP, GAMP und FDA gew\u00e4hrleisten.<br \/>\nIm Bereich der Biotechnologie bieten wir unter anderem drei auf dem Markt etablierte Systeme an, die alle notwendigen Funktionen f\u00fcr einen einfachen und Reibungsfreien Einstieg in die Biotechnolgie erm\u00f6glichen<\/p>\n<\/div><div class=\"fusion-sep-clear\"><\/div><div class=\"fusion-separator fusion-full-width-sep\" style=\"margin-left: auto;margin-right: auto;margin-top:30px;margin-bottom:30px;width:100%;\"><\/div><div class=\"fusion-sep-clear\"><\/div><style type=\"text\/css\">.fusion-portfolio-wrapper#fusion-portfolio-1 .fusion-portfolio-content{ padding: 100px 25px 25px 25px; text-align: left; }<\/style><div class=\"fusion-recent-works fusion-portfolio-element fusion-portfolio fusion-portfolio-1 fusion-portfolio-grid fusion-portfolio-paging-pagination fusion-portfolio-three fusion-portfolio-boxed fusion-portfolio-text fusion-portfolio-rollover\" data-id=\"-rw-1\" data-columns=\"three\"><style type=\"text\/css\">.fusion-portfolio-1 .fusion-portfolio-wrapper .fusion-col-spacing{padding:10px;}<\/style><div class=\"fusion-portfolio-wrapper\" id=\"fusion-portfolio-1\" data-picturesize=\"auto\" data-pages=\"1\" style=\"margin:-10px;\"><article id=\"portfolio-1-post-11444\" class=\"fusion-portfolio-post biotechnology-de fusion-col-spacing post-11444\"><div class=\"fusion-portfolio-content-wrapper\" style=\"border:1px solid #ebeaea;border-bottom-width:3px;background-color:rgba(255,255,255,0);\"><span class=\"vcard rich-snippet-hidden\"><span class=\"fn\"><a href=\"https:\/\/abacus-lab.de\/de\/author\/admin\/\" title=\"Beitr\u00e4ge von admin\" rel=\"author\">admin<\/a><\/span><\/span><span class=\"updated rich-snippet-hidden\">2023-02-03T13:00:15+01:00<\/span><div  class=\"fusion-image-wrapper\" aria-haspopup=\"true\">\n\t\t\t\t<img width=\"1600\" height=\"500\" src=\"https:\/\/abacus-lab.de\/wp-content\/uploads\/2018\/12\/Banner_EloTrace.jpg\" class=\"attachment-full size-full wp-post-image\" alt=\"\" decoding=\"async\" srcset=\"https:\/\/abacus-lab.de\/wp-content\/uploads\/2018\/12\/Banner_EloTrace-200x63.jpg 200w, https:\/\/abacus-lab.de\/wp-content\/uploads\/2018\/12\/Banner_EloTrace-400x125.jpg 400w, https:\/\/abacus-lab.de\/wp-content\/uploads\/2018\/12\/Banner_EloTrace-600x188.jpg 600w, https:\/\/abacus-lab.de\/wp-content\/uploads\/2018\/12\/Banner_EloTrace-800x250.jpg 800w, https:\/\/abacus-lab.de\/wp-content\/uploads\/2018\/12\/Banner_EloTrace-1200x375.jpg 1200w, https:\/\/abacus-lab.de\/wp-content\/uploads\/2018\/12\/Banner_EloTrace.jpg 1600w\" sizes=\"(min-width: 2200px) 100vw, (min-width: 784px) 367px, (min-width: 712px) 550px, (min-width: 640px) 712px, \" \/><div class=\"fusion-rollover\">\n\t<div class=\"fusion-rollover-content\">\n\n\t\t\t\t\t\t\t\t\t\t\t\t\t\t<a class=\"fusion-rollover-link\" href=\"https:\/\/abacus-lab.de\/de\/portfolio-items\/elotrace\/?portfolioCats=185%2C185\">EloTrace\u00ae<\/a>\n\t\t\t\n\t\t\t\t\t\t\t\t\t\t\t\t\t\t\n\t\t\t\t\t\t\t\t\n\t\t\t\t\t\t\t\t\t\t\t\t\t<div class=\"fusion-rollover-sep\"><\/div>\n\t\t\t\t\n\t\t\t\t\t\t\t\t\t\t\t\t\t\t\t\t\t\t<a class=\"fusion-rollover-gallery\" href=\"https:\/\/abacus-lab.de\/wp-content\/uploads\/2018\/12\/Banner_EloTrace.jpg\" data-id=\"11444\" data-rel=\"iLightbox[gallery-rw-1]\" data-title=\"Banner_EloTrace\" data-caption=\"\">\n\t\t\t\t\t\tGallery\t\t\t\t\t<\/a>\n\t\t\t\t\t\t\t\t\t\t\t\t\t\t\n\t\t\n\t\t\t\t\t\t\t\t\t\t\t\t<h4 class=\"fusion-rollover-title\">\n\t\t\t\t\t<a class=\"fusion-rollover-title-link\" href=\"https:\/\/abacus-lab.de\/de\/portfolio-items\/elotrace\/?portfolioCats=185%2C185\">\n\t\t\t\t\t\tEloTrace\u00ae\t\t\t\t\t<\/a>\n\t\t\t\t<\/h4>\n\t\t\t\n\t\t\t\t\t\t\t\t\t\t<div class=\"fusion-rollover-categories\"><a href=\"https:\/\/abacus-lab.de\/de\/portfolio_category\/biotechnology-de\/\" rel=\"tag\">Biotechnology<\/a><\/div>\t\t\t\t\t\n\t\t\n\t\t\t\t\t\t<a class=\"fusion-link-wrapper\" href=\"https:\/\/abacus-lab.de\/de\/portfolio-items\/elotrace\/?portfolioCats=185%2C185\" aria-label=\"EloTrace\u00ae\"><\/a>\n\t<\/div>\n<\/div>\n<\/div>\n<div class=\"fusion-portfolio-content\" style=\"background-color:rgba(255,255,255,0);\"><h2 class=\"entry-title fusion-post-title\"><a href=\"https:\/\/abacus-lab.de\/de\/portfolio-items\/elotrace\/?portfolioCats=185%2C185\">EloTrace\u00ae<\/a><\/h2><div class=\"fusion-portfolio-meta\"><a href=\"https:\/\/abacus-lab.de\/de\/portfolio_category\/biotechnology-de\/\" rel=\"tag\">Biotechnology<\/a><\/div><div class=\"fusion-content-sep sep-double sep-solid\" style=\"border-color:#ebeaea;\"><\/div><div class=\"fusion-post-content\"><p>EloTrace\u00ae - ein automatisches Messsystem f\u00fcr die elektrooptische Analyse von Bakterienkulturen <i>in vivo<\/i>\r\n<\/p><ul><li>Multiparametrische Online-\u00dcberwachung von bakteriellen Fermentationen<\/li>\r\n \t<li>Wachstumseffizienz sichern<\/li>\r\n \t<li>Reproduzierbarkeit<\/li>\r\n \t<li>Ideal f\u00fcr Dokumentation und Scale-up<\/li>\r\n<\/ul><\/div><\/div><\/div><\/article><article id=\"portfolio-1-post-11443\" class=\"fusion-portfolio-post biotechnology-de fusion-col-spacing post-11443\"><div class=\"fusion-portfolio-content-wrapper\" style=\"border:1px solid #ebeaea;border-bottom-width:3px;background-color:rgba(255,255,255,0);\"><span class=\"vcard rich-snippet-hidden\"><span class=\"fn\"><a href=\"https:\/\/abacus-lab.de\/de\/author\/admin\/\" title=\"Beitr\u00e4ge von admin\" rel=\"author\">admin<\/a><\/span><\/span><span class=\"updated rich-snippet-hidden\">2023-02-03T13:02:42+01:00<\/span><div  class=\"fusion-image-wrapper\" aria-haspopup=\"true\">\n\t\t\t\t<img width=\"1600\" height=\"500\" src=\"https:\/\/abacus-lab.de\/wp-content\/uploads\/2018\/12\/Banner_EloFerm.jpg\" class=\"attachment-full size-full wp-post-image\" alt=\"\" decoding=\"async\" srcset=\"https:\/\/abacus-lab.de\/wp-content\/uploads\/2018\/12\/Banner_EloFerm-200x63.jpg 200w, https:\/\/abacus-lab.de\/wp-content\/uploads\/2018\/12\/Banner_EloFerm-400x125.jpg 400w, https:\/\/abacus-lab.de\/wp-content\/uploads\/2018\/12\/Banner_EloFerm-600x188.jpg 600w, https:\/\/abacus-lab.de\/wp-content\/uploads\/2018\/12\/Banner_EloFerm-800x250.jpg 800w, https:\/\/abacus-lab.de\/wp-content\/uploads\/2018\/12\/Banner_EloFerm-1200x375.jpg 1200w, https:\/\/abacus-lab.de\/wp-content\/uploads\/2018\/12\/Banner_EloFerm.jpg 1600w\" sizes=\"(min-width: 2200px) 100vw, (min-width: 784px) 367px, (min-width: 712px) 550px, (min-width: 640px) 712px, \" \/><div class=\"fusion-rollover\">\n\t<div class=\"fusion-rollover-content\">\n\n\t\t\t\t\t\t\t\t\t\t\t\t\t\t<a class=\"fusion-rollover-link\" href=\"https:\/\/abacus-lab.de\/de\/portfolio-items\/eloferm\/?portfolioCats=185%2C185\">EloFerm<\/a>\n\t\t\t\n\t\t\t\t\t\t\t\t\t\t\t\t\t\t\n\t\t\t\t\t\t\t\t\n\t\t\t\t\t\t\t\t\t\t\t\t\t<div class=\"fusion-rollover-sep\"><\/div>\n\t\t\t\t\n\t\t\t\t\t\t\t\t\t\t\t\t\t\t\t\t\t\t<a class=\"fusion-rollover-gallery\" href=\"https:\/\/abacus-lab.de\/wp-content\/uploads\/2018\/12\/Banner_EloFerm.jpg\" data-id=\"11443\" data-rel=\"iLightbox[gallery-rw-1]\" data-title=\"Banner_EloFerm\" data-caption=\"\">\n\t\t\t\t\t\tGallery\t\t\t\t\t<\/a>\n\t\t\t\t\t\t\t\t\t\t\t\t\t\t\n\t\t\n\t\t\t\t\t\t\t\t\t\t\t\t<h4 class=\"fusion-rollover-title\">\n\t\t\t\t\t<a class=\"fusion-rollover-title-link\" href=\"https:\/\/abacus-lab.de\/de\/portfolio-items\/eloferm\/?portfolioCats=185%2C185\">\n\t\t\t\t\t\tEloFerm\t\t\t\t\t<\/a>\n\t\t\t\t<\/h4>\n\t\t\t\n\t\t\t\t\t\t\t\t\t\t<div class=\"fusion-rollover-categories\"><a href=\"https:\/\/abacus-lab.de\/de\/portfolio_category\/biotechnology-de\/\" rel=\"tag\">Biotechnology<\/a><\/div>\t\t\t\t\t\n\t\t\n\t\t\t\t\t\t<a class=\"fusion-link-wrapper\" href=\"https:\/\/abacus-lab.de\/de\/portfolio-items\/eloferm\/?portfolioCats=185%2C185\" aria-label=\"EloFerm\"><\/a>\n\t<\/div>\n<\/div>\n<\/div>\n<div class=\"fusion-portfolio-content\" style=\"background-color:rgba(255,255,255,0);\"><h2 class=\"entry-title fusion-post-title\"><a href=\"https:\/\/abacus-lab.de\/de\/portfolio-items\/eloferm\/?portfolioCats=185%2C185\">EloFerm<\/a><\/h2><div class=\"fusion-portfolio-meta\"><a href=\"https:\/\/abacus-lab.de\/de\/portfolio_category\/biotechnology-de\/\" rel=\"tag\">Biotechnology<\/a><\/div><div class=\"fusion-content-sep sep-double sep-solid\" style=\"border-color:#ebeaea;\"><\/div><div class=\"fusion-post-content\"><p>Einfache Fermentation im Laborma\u00dfstab mit Biomasse\u00fcberwachung\r\n<\/p><ul><li>Schnelle selbstanpassende Regulierung<\/li>\r\n \t<li>Integrierte Biomasse\u00fcberwachung<\/li>\r\n \t<li>Flexible Kulturgef\u00e4sse<\/li>\r\n \t<li>Ein- oder mehrkanalige Fermentation<\/li>\r\n<\/ul><\/div><\/div><\/div><\/article><article id=\"portfolio-1-post-2894\" class=\"fusion-portfolio-post biotechnology-de fusion-col-spacing post-2894\"><div class=\"fusion-portfolio-content-wrapper\" style=\"border:1px solid #ebeaea;border-bottom-width:3px;background-color:rgba(255,255,255,0);\"><span class=\"vcard rich-snippet-hidden\"><span class=\"fn\"><a href=\"https:\/\/abacus-lab.de\/de\/author\/admin\/\" title=\"Beitr\u00e4ge von admin\" rel=\"author\">admin<\/a><\/span><\/span><span class=\"updated rich-snippet-hidden\">2020-09-01T09:44:29+02:00<\/span><div  class=\"fusion-image-wrapper\" aria-haspopup=\"true\">\n\t\t\t\t<img width=\"1600\" height=\"500\" src=\"https:\/\/abacus-lab.de\/wp-content\/uploads\/2018\/12\/Banner_EloCheck.jpg\" class=\"attachment-full size-full wp-post-image\" alt=\"\" decoding=\"async\" srcset=\"https:\/\/abacus-lab.de\/wp-content\/uploads\/2018\/12\/Banner_EloCheck-200x63.jpg 200w, https:\/\/abacus-lab.de\/wp-content\/uploads\/2018\/12\/Banner_EloCheck-400x125.jpg 400w, https:\/\/abacus-lab.de\/wp-content\/uploads\/2018\/12\/Banner_EloCheck-600x188.jpg 600w, https:\/\/abacus-lab.de\/wp-content\/uploads\/2018\/12\/Banner_EloCheck-800x250.jpg 800w, https:\/\/abacus-lab.de\/wp-content\/uploads\/2018\/12\/Banner_EloCheck-1200x375.jpg 1200w, https:\/\/abacus-lab.de\/wp-content\/uploads\/2018\/12\/Banner_EloCheck.jpg 1600w\" sizes=\"(min-width: 2200px) 100vw, (min-width: 784px) 367px, (min-width: 712px) 550px, (min-width: 640px) 712px, \" \/><div class=\"fusion-rollover\">\n\t<div class=\"fusion-rollover-content\">\n\n\t\t\t\t\t\t\t\t\t\t\t\t\t\t<a class=\"fusion-rollover-link\" href=\"https:\/\/abacus-lab.de\/de\/portfolio-items\/elocheck\/?portfolioCats=185%2C185\">EloCheck<\/a>\n\t\t\t\n\t\t\t\t\t\t\t\t\t\t\t\t\t\t\n\t\t\t\t\t\t\t\t\n\t\t\t\t\t\t\t\t\t\t\t\t\t<div class=\"fusion-rollover-sep\"><\/div>\n\t\t\t\t\n\t\t\t\t\t\t\t\t\t\t\t\t\t\t\t\t\t\t<a class=\"fusion-rollover-gallery\" href=\"https:\/\/abacus-lab.de\/wp-content\/uploads\/2018\/12\/Banner_EloCheck.jpg\" data-id=\"2894\" data-rel=\"iLightbox[gallery-rw-1]\" data-title=\"Banner_EloCheck\" data-caption=\"\">\n\t\t\t\t\t\tGallery\t\t\t\t\t<\/a>\n\t\t\t\t\t\t\t\t\t\t\t\t\t\t\n\t\t\n\t\t\t\t\t\t\t\t\t\t\t\t<h4 class=\"fusion-rollover-title\">\n\t\t\t\t\t<a class=\"fusion-rollover-title-link\" href=\"https:\/\/abacus-lab.de\/de\/portfolio-items\/elocheck\/?portfolioCats=185%2C185\">\n\t\t\t\t\t\tEloCheck\t\t\t\t\t<\/a>\n\t\t\t\t<\/h4>\n\t\t\t\n\t\t\t\t\t\t\t\t\t\t<div class=\"fusion-rollover-categories\"><a href=\"https:\/\/abacus-lab.de\/de\/portfolio_category\/biotechnology-de\/\" rel=\"tag\">Biotechnology<\/a><\/div>\t\t\t\t\t\n\t\t\n\t\t\t\t\t\t<a class=\"fusion-link-wrapper\" href=\"https:\/\/abacus-lab.de\/de\/portfolio-items\/elocheck\/?portfolioCats=185%2C185\" aria-label=\"EloCheck\"><\/a>\n\t<\/div>\n<\/div>\n<\/div>\n<div class=\"fusion-portfolio-content\" style=\"background-color:rgba(255,255,255,0);\"><h2 class=\"entry-title fusion-post-title\"><a href=\"https:\/\/abacus-lab.de\/de\/portfolio-items\/elocheck\/?portfolioCats=185%2C185\">EloCheck<\/a><\/h2><div class=\"fusion-portfolio-meta\"><a href=\"https:\/\/abacus-lab.de\/de\/portfolio_category\/biotechnology-de\/\" rel=\"tag\">Biotechnology<\/a><\/div><div class=\"fusion-content-sep sep-double sep-solid\" style=\"border-color:#ebeaea;\"><\/div><div class=\"fusion-post-content\"><p>Online-Photometer zur kontinuierlichen Messung des Wachstums von Zellsuspensionen.\r\n<\/p><ul><li>Schnell und hohe Messgenauigkeit<\/li>\r\n \t<li>Optische Messstrecke optimiert f\u00fcr Zellsuspensionen<\/li>\r\n \t<li>Automatischer Reportgenerator<\/li>\r\n \t<li>Ausgezeichnetes Preis \/ Leistungsverh\u00e4ltnis<\/li>\r\n \t<li>Einfach zu bedienen<\/li>\r\n<\/ul><\/div><\/div><\/div><\/article><\/div><\/div><div class=\"fusion-clearfix\"><\/div><\/div><\/div><\/div><\/div><div class=\"fusion-fullwidth fullwidth-box fusion-builder-row-3 nonhundred-percent-fullwidth non-hundred-percent-height-scrolling\" style=\"--awb-border-radius-top-left:0px;--awb-border-radius-top-right:0px;--awb-border-radius-bottom-right:0px;--awb-border-radius-bottom-left:0px;\" ><div class=\"fusion-builder-row fusion-row\"><div class=\"fusion-layout-column fusion_builder_column fusion-builder-column-2 fusion_builder_column_1_1 1_1 fusion-one-full fusion-column-first fusion-column-last\" style=\"--awb-bg-size:cover;\"><div class=\"fusion-column-wrapper fusion-flex-column-wrapper-legacy\"><div class=\"fusion-clearfix\"><\/div><\/div><\/div><\/div><\/div>\n","protected":false},"excerpt":{"rendered":"","protected":false},"author":1,"featured_media":0,"parent":7282,"menu_order":0,"comment_status":"closed","ping_status":"closed","template":"100-width.php","meta":{"_mi_skip_tracking":false,"_monsterinsights_sitenote_active":false,"_monsterinsights_sitenote_note":"","_monsterinsights_sitenote_category":0},"yoast_head":"<!-- This site is optimized with the Yoast SEO plugin v20.2.1 - https:\/\/yoast.com\/wordpress\/plugins\/seo\/ -->\n<title>Biotechnology - Abacus Analytical Systems<\/title>\n<meta name=\"robots\" content=\"index, follow, max-snippet:-1, max-image-preview:large, max-video-preview:-1\" \/>\n<link rel=\"canonical\" href=\"https:\/\/abacus-lab.de\/de\/products\/biotechnology\/\" \/>\n<meta property=\"og:locale\" content=\"de_DE\" \/>\n<meta property=\"og:type\" content=\"article\" \/>\n<meta property=\"og:title\" content=\"Biotechnology - Abacus Analytical Systems\" \/>\n<meta property=\"og:url\" content=\"https:\/\/abacus-lab.de\/de\/products\/biotechnology\/\" \/>\n<meta property=\"og:site_name\" content=\"Abacus Analytical Systems\" \/>\n<meta property=\"article:modified_time\" content=\"2020-08-04T09:20:25+00:00\" \/>\n<meta name=\"twitter:card\" content=\"summary_large_image\" \/>\n<meta name=\"twitter:label1\" content=\"Gesch\u00e4tzte Lesezeit\" \/>\n\t<meta name=\"twitter:data1\" content=\"5\u00a0Minuten\" \/>\n<script type=\"application\/ld+json\" class=\"yoast-schema-graph\">{\"@context\":\"https:\/\/schema.org\",\"@graph\":[{\"@type\":\"WebPage\",\"@id\":\"https:\/\/abacus-lab.de\/de\/products\/biotechnology\/\",\"url\":\"https:\/\/abacus-lab.de\/de\/products\/biotechnology\/\",\"name\":\"Biotechnology - Abacus Analytical Systems\",\"isPartOf\":{\"@id\":\"https:\/\/abacus-lab.de\/de\/#website\"},\"datePublished\":\"2018-11-05T14:34:58+00:00\",\"dateModified\":\"2020-08-04T09:20:25+00:00\",\"breadcrumb\":{\"@id\":\"https:\/\/abacus-lab.de\/de\/products\/biotechnology\/#breadcrumb\"},\"inLanguage\":\"de\",\"potentialAction\":[{\"@type\":\"ReadAction\",\"target\":[\"https:\/\/abacus-lab.de\/de\/products\/biotechnology\/\"]}]},{\"@type\":\"BreadcrumbList\",\"@id\":\"https:\/\/abacus-lab.de\/de\/products\/biotechnology\/#breadcrumb\",\"itemListElement\":[{\"@type\":\"ListItem\",\"position\":1,\"name\":\"Startseite\",\"item\":\"https:\/\/abacus-lab.de\/de\/\"},{\"@type\":\"ListItem\",\"position\":2,\"name\":\"Products\",\"item\":\"https:\/\/abacus-lab.de\/de\/products\/\"},{\"@type\":\"ListItem\",\"position\":3,\"name\":\"Biotechnology\"}]},{\"@type\":\"WebSite\",\"@id\":\"https:\/\/abacus-lab.de\/de\/#website\",\"url\":\"https:\/\/abacus-lab.de\/de\/\",\"name\":\"Abacus Analytical Systems\",\"description\":\"Analytical Chemistry | Biotechnology | Bioscience\",\"potentialAction\":[{\"@type\":\"SearchAction\",\"target\":{\"@type\":\"EntryPoint\",\"urlTemplate\":\"https:\/\/abacus-lab.de\/de\/?s={search_term_string}\"},\"query-input\":\"required name=search_term_string\"}],\"inLanguage\":\"de\"}]}<\/script>\n<!-- \/ Yoast SEO plugin. -->","yoast_head_json":{"title":"Biotechnology - Abacus Analytical Systems","robots":{"index":"index","follow":"follow","max-snippet":"max-snippet:-1","max-image-preview":"max-image-preview:large","max-video-preview":"max-video-preview:-1"},"canonical":"https:\/\/abacus-lab.de\/de\/products\/biotechnology\/","og_locale":"de_DE","og_type":"article","og_title":"Biotechnology - Abacus Analytical Systems","og_url":"https:\/\/abacus-lab.de\/de\/products\/biotechnology\/","og_site_name":"Abacus Analytical Systems","article_modified_time":"2020-08-04T09:20:25+00:00","twitter_card":"summary_large_image","twitter_misc":{"Gesch\u00e4tzte Lesezeit":"5\u00a0Minuten"},"schema":{"@context":"https:\/\/schema.org","@graph":[{"@type":"WebPage","@id":"https:\/\/abacus-lab.de\/de\/products\/biotechnology\/","url":"https:\/\/abacus-lab.de\/de\/products\/biotechnology\/","name":"Biotechnology - Abacus Analytical Systems","isPartOf":{"@id":"https:\/\/abacus-lab.de\/de\/#website"},"datePublished":"2018-11-05T14:34:58+00:00","dateModified":"2020-08-04T09:20:25+00:00","breadcrumb":{"@id":"https:\/\/abacus-lab.de\/de\/products\/biotechnology\/#breadcrumb"},"inLanguage":"de","potentialAction":[{"@type":"ReadAction","target":["https:\/\/abacus-lab.de\/de\/products\/biotechnology\/"]}]},{"@type":"BreadcrumbList","@id":"https:\/\/abacus-lab.de\/de\/products\/biotechnology\/#breadcrumb","itemListElement":[{"@type":"ListItem","position":1,"name":"Startseite","item":"https:\/\/abacus-lab.de\/de\/"},{"@type":"ListItem","position":2,"name":"Products","item":"https:\/\/abacus-lab.de\/de\/products\/"},{"@type":"ListItem","position":3,"name":"Biotechnology"}]},{"@type":"WebSite","@id":"https:\/\/abacus-lab.de\/de\/#website","url":"https:\/\/abacus-lab.de\/de\/","name":"Abacus Analytical Systems","description":"Analytical Chemistry | Biotechnology | Bioscience","potentialAction":[{"@type":"SearchAction","target":{"@type":"EntryPoint","urlTemplate":"https:\/\/abacus-lab.de\/de\/?s={search_term_string}"},"query-input":"required name=search_term_string"}],"inLanguage":"de"}]}},"_links":{"self":[{"href":"https:\/\/abacus-lab.de\/de\/wp-json\/wp\/v2\/pages\/7356"}],"collection":[{"href":"https:\/\/abacus-lab.de\/de\/wp-json\/wp\/v2\/pages"}],"about":[{"href":"https:\/\/abacus-lab.de\/de\/wp-json\/wp\/v2\/types\/page"}],"author":[{"embeddable":true,"href":"https:\/\/abacus-lab.de\/de\/wp-json\/wp\/v2\/users\/1"}],"replies":[{"embeddable":true,"href":"https:\/\/abacus-lab.de\/de\/wp-json\/wp\/v2\/comments?post=7356"}],"version-history":[{"count":4,"href":"https:\/\/abacus-lab.de\/de\/wp-json\/wp\/v2\/pages\/7356\/revisions"}],"predecessor-version":[{"id":11437,"href":"https:\/\/abacus-lab.de\/de\/wp-json\/wp\/v2\/pages\/7356\/revisions\/11437"}],"up":[{"embeddable":true,"href":"https:\/\/abacus-lab.de\/de\/wp-json\/wp\/v2\/pages\/7282"}],"wp:attachment":[{"href":"https:\/\/abacus-lab.de\/de\/wp-json\/wp\/v2\/media?parent=7356"}],"curies":[{"name":"wp","href":"https:\/\/api.w.org\/{rel}","templated":true}]}}